{"id":9130,"date":"2025-07-16T04:36:55","date_gmt":"2025-07-16T04:36:55","guid":{"rendered":"https:\/\/stage.jrfer.com\/kontakta-oss\/"},"modified":"2026-04-07T07:19:06","modified_gmt":"2026-04-07T07:19:06","slug":"contact","status":"publish","type":"page","link":"https:\/\/stage.jrfer.com\/sv\/contact\/","title":{"rendered":"Kontakta oss"},"content":{"rendered":"<div class=\"jr-page jr-page--contact\">\n<section class=\"jr-hero\">\n<p class=\"jr-kicker\">Rico Vape<\/p>\n<h1>Kontakta oss<\/h1>\n<div class=\"jr-hero-copy\">\n<div>\n<p>Vi \u00e4r h\u00e4r f\u00f6r att hj\u00e4lpa dig med alla fr\u00e5gor eller funderingar du kan ha. Kontakta oss g\u00e4rna p\u00e5 n\u00e5got av f\u00f6ljande s\u00e4tt:<\/p>\n<\/div>\n<\/div>\n<\/section>\n<div class=\"jr-contact-grid\">\n<article class=\"jr-contact-card\">\n<h3>E-post<\/h3>\n<div class=\"jr-card-copy\">\n<p><a href=\"mailto:support@ricovape.com\">support@ricovape.com<\/a><\/p>\n<\/div>\n<\/article>\n<article class=\"jr-contact-card\">\n<h3>WhatsApp<\/h3>\n<div class=\"jr-card-copy\">\n<p><a href=\"https:\/\/api.whatsapp.com\/send?phone=8618241953968\" target=\"_blank\" rel=\"noopener\">+8618241953968<\/a><\/p>\n<\/div>\n<\/article>\n<article class=\"jr-contact-card\">\n<h3>Plats<\/h3>\n<div class=\"jr-card-copy\">\n<p>Hola Headquarters<br \/>Rum 2002, 20:e v\u00e5ningen, Huasheng Building,<br \/>555 Zhongxin Avenue, Shajing Subdistrict,<br \/>Bao\u2019an District, Shenzhen, 518125.<br \/>Kina<\/p>\n<\/div>\n<\/article>\n<\/div>\n<section class=\"jr-contact-cta\">\n<h2>L\u00e4mna ett meddelande<\/h2>\n<div class=\"jr-contact-actions\"><a class=\"jr-action\" href=\"mailto:support@ricovape.com\">support@ricovape.com<\/a><a class=\"jr-action\" href=\"https:\/\/api.whatsapp.com\/send?phone=8618241953968\" target=\"_blank\" rel=\"noopener\">+8618241953968<\/a><\/div>\n<\/section>\n<\/div>\n","protected":false},"excerpt":{"rendered":"<p>Rico Vape Kontakta oss Vi \u00e4r h\u00e4r f\u00f6r att hj\u00e4lpa dig med alla fr\u00e5gor eller funderingar du kan ha. Kontakta oss g\u00e4rna p\u00e5 n\u00e5got av f\u00f6ljande s\u00e4tt: E-post support@ricovape.com WhatsApp +8618241953968 Plats Hola HeadquartersRum 2002, 20:e v\u00e5ningen, Huasheng Building,555 Zhongxin Avenue, Shajing Subdistrict,Bao\u2019an District, Shenzhen, 518125.Kina L\u00e4mna ett meddelande support@ricovape.com+8618241953968<\/p>\n","protected":false},"author":1,"featured_media":0,"parent":0,"menu_order":0,"comment_status":"closed","ping_status":"closed","template":"","meta":{"footnotes":""},"class_list":["post-9130","page","type-page","status-publish","hentry"],"_links":{"self":[{"href":"https:\/\/stage.jrfer.com\/sv\/wp-json\/wp\/v2\/pages\/9130","targetHints":{"allow":["GET"]}}],"collection":[{"href":"https:\/\/stage.jrfer.com\/sv\/wp-json\/wp\/v2\/pages"}],"about":[{"href":"https:\/\/stage.jrfer.com\/sv\/wp-json\/wp\/v2\/types\/page"}],"author":[{"embeddable":true,"href":"https:\/\/stage.jrfer.com\/sv\/wp-json\/wp\/v2\/users\/1"}],"replies":[{"embeddable":true,"href":"https:\/\/stage.jrfer.com\/sv\/wp-json\/wp\/v2\/comments?post=9130"}],"version-history":[{"count":2,"href":"https:\/\/stage.jrfer.com\/sv\/wp-json\/wp\/v2\/pages\/9130\/revisions"}],"predecessor-version":[{"id":69403,"href":"https:\/\/stage.jrfer.com\/sv\/wp-json\/wp\/v2\/pages\/9130\/revisions\/69403"}],"wp:attachment":[{"href":"https:\/\/stage.jrfer.com\/sv\/wp-json\/wp\/v2\/media?parent=9130"}],"curies":[{"name":"wp","href":"https:\/\/api.w.org\/{rel}","templated":true}]}}