{"id":9178,"date":"2025-07-16T05:44:51","date_gmt":"2025-07-16T05:44:51","guid":{"rendered":"https:\/\/stage.jrfer.com\/grossist\/"},"modified":"2026-04-07T07:19:29","modified_gmt":"2026-04-07T07:19:29","slug":"wholesale","status":"publish","type":"page","link":"https:\/\/stage.jrfer.com\/sv\/wholesale\/","title":{"rendered":"Grossist"},"content":{"rendered":"<div class=\"jr-page jr-page--wholesale\">\n<section class=\"jr-hero\">\n<p class=\"jr-kicker\">Rico Vape B2B<\/p>\n<h1>Grossist<\/h1>\n<p class=\"jr-subhead\">Grossistink\u00f6p<\/p>\n<div class=\"jr-hero-copy\">\n<p>Vi \u00e4r dedikerade till att tillhandah\u00e5lla h\u00f6gkvalitativa e-cigaretter och tillbeh\u00f6r till \u00e5terf\u00f6rs\u00e4ljare och distribut\u00f6rer \u00f6ver hela v\u00e4rlden. Som en ledande leverant\u00f6r i branschen erbjuder vi ett brett utbud av produkter och konkurrenskraftiga grossistpriser f\u00f6r att m\u00f6ta de olika behoven hos ditt f\u00f6retag.<\/p>\n<\/div>\n<\/section>\n<section class=\"jr-checklist-panel\">\n<h2>Varf\u00f6r v\u00e4lja oss?<\/h2>\n<ul class=\"jr-checklist\">\n<li><strong>Brett produktutbud<\/strong>: Fr\u00e5n de senaste e-cigarettenheterna till en m\u00e4ngd olika e-v\u00e4tskesmaker, vi har allt du beh\u00f6ver.<\/li>\n<li kvalitet=\"\" under=\"\" alla=\"\" v\u00e5ra=\"\" produkter.=\"\" testning=\"\" f\u00f6r=\"\" att=\"\" s\u00e4kerst\u00e4lla=\"\" s\u00e4kerhet=\"\" och=\"\" tillf\u00f6rlitlighet.<=\"\" li=\"\"><\/li>\n<li><strong>Flexibla best\u00e4llningskvantiteter<\/strong>: Oavsett om du \u00e4r en liten \u00e5terf\u00f6rs\u00e4ljare eller en stor distribut\u00f6r, kan vi tillgodose dina best\u00e4llningsbehov.<\/li>\n<li><strong>Snabb leverans<\/strong>: Tillsammans med flera globala logistikf\u00f6retag s\u00e4kerst\u00e4ller vi att dina best\u00e4llningar levereras snabbt och s\u00e4kert, med kundanpassad support i realtid:Excellent online:<\/li>\n<li. v\u00e5rt=\"\" engagerade=\"\" team=\"\" \u00e4r=\"\" h\u00e4r=\"\" f\u00f6r=\"\" att=\"\" hj\u00e4lpa=\"\" dig=\"\" med=\"\" alla=\"\" fr\u00e5gor=\"\" eller=\"\" problem=\"\" du=\"\" kan=\"\" ha.<=\"\" li=\"\"><\/li.><\/ul>\n<\/section>\n<section class=\"jr-closing\">\n<p>Kontakta v\u00e5rt grossistteam idag f\u00f6r att l\u00e4ra dig mer om v\u00e5ra erbjudanden och grossistrabatter.<\/p>\n<p>Vi ser fram emot att samarbeta med dig och n\u00e5 stora framg\u00e5ngar tillsammans!<\/p>\n<\/section>\n<\/div>\n","protected":false},"excerpt":{"rendered":"<p>Rico Vape B2B Grossist Grossistink\u00f6p Vi \u00e4r dedikerade till att tillhandah\u00e5lla h\u00f6gkvalitativa e-cigaretter och tillbeh\u00f6r till \u00e5terf\u00f6rs\u00e4ljare och distribut\u00f6rer \u00f6ver hela v\u00e4rlden. Som en ledande leverant\u00f6r i branschen erbjuder vi ett brett utbud av produkter och konkurrenskraftiga grossistpriser f\u00f6r att m\u00f6ta de olika behoven hos ditt f\u00f6retag. Varf\u00f6r v\u00e4lja oss? Brett produktutbud: Fr\u00e5n de senaste [&hellip;]<\/p>\n","protected":false},"author":1,"featured_media":0,"parent":0,"menu_order":0,"comment_status":"closed","ping_status":"closed","template":"","meta":{"footnotes":""},"class_list":["post-9178","page","type-page","status-publish","hentry"],"_links":{"self":[{"href":"https:\/\/stage.jrfer.com\/sv\/wp-json\/wp\/v2\/pages\/9178","targetHints":{"allow":["GET"]}}],"collection":[{"href":"https:\/\/stage.jrfer.com\/sv\/wp-json\/wp\/v2\/pages"}],"about":[{"href":"https:\/\/stage.jrfer.com\/sv\/wp-json\/wp\/v2\/types\/page"}],"author":[{"embeddable":true,"href":"https:\/\/stage.jrfer.com\/sv\/wp-json\/wp\/v2\/users\/1"}],"replies":[{"embeddable":true,"href":"https:\/\/stage.jrfer.com\/sv\/wp-json\/wp\/v2\/comments?post=9178"}],"version-history":[{"count":2,"href":"https:\/\/stage.jrfer.com\/sv\/wp-json\/wp\/v2\/pages\/9178\/revisions"}],"predecessor-version":[{"id":69412,"href":"https:\/\/stage.jrfer.com\/sv\/wp-json\/wp\/v2\/pages\/9178\/revisions\/69412"}],"wp:attachment":[{"href":"https:\/\/stage.jrfer.com\/sv\/wp-json\/wp\/v2\/media?parent=9178"}],"curies":[{"name":"wp","href":"https:\/\/api.w.org\/{rel}","templated":true}]}}