{"id":10235,"date":"2026-03-12T04:25:07","date_gmt":"2026-03-12T04:25:07","guid":{"rendered":"https:\/\/stage.jrfer.com\/product\/bang-leader-350k-8-smaker-8-i-1-350-000-puffar-smart-display-bulk-engangsvape\/"},"modified":"2026-04-07T03:50:15","modified_gmt":"2026-04-07T03:50:15","slug":"bang-leader-350k-8-flavors-8-in-1-350000-puffs-smart-display-bulk-disposable-vape","status":"publish","type":"product","link":"https:\/\/stage.jrfer.com\/sv\/produkt\/bang-leader-350k-8-flavors-8-in-1-350000-puffs-smart-display-bulk-disposable-vape\/","title":{"rendered":"Bang Leader 350K | 8 smaker, 8-i-1, 350 000 puffar, smart display, bulk eng\u00e5ngsvape"},"content":{"rendered":"<p><img decoding=\"async\" class=\"alignnone size-full wp-image-114792\" src=\"https:\/\/aiviouvapes.com\/wp-content\/uploads\/2026\/03\/BANG-LEADER-350K-16.jpg\" alt=\"Bang Leader 350K\" title=\"\"><\/p>\n<p>&#8221; h\u00f6jd=&#8221;1920&#8243; h\u00f6jd=&#8221;1920&#8243;<\/p>\n<p>Letar du efter en premium mega puff vape f\u00f6r grossist? Bang Leader 350K kombinerar l\u00e5ng anv\u00e4ndningstid, j\u00e4mn smakproduktion, OEM\/ODM-anpassning och flexibla nikotinalternativ f\u00f6r globala marknader.<\/p>\n<h3>Varf\u00f6r v\u00e4lja Bang Leader 350K?<\/h3>\n<ul>\n<li>\ud83d\udd25 Upp till 350 000 puffar f\u00f6r l\u00e5ngvarig anv\u00e4ndning<\/li>\n<li>\ud83c\udf08 8-i-1 smakv\u00e4xlingsdesign f\u00f6r mer variation i en enhet<\/li>\n<li>\u26a1 Laddningsbar med Type-C-laddningsport<\/li>\n<li>\ud83d\udca8 1,0 mesh spole f\u00f6r j\u00e4mnare smak och stabil \u00e5nga<\/li>\n<li>\ud83d\udd0b Byggd med 17350 850mAh batteri<\/li>\n<li>\ud83d\udee0\ufe0f OEM\/ODM st\u00f6ds f\u00f6r anpassade varum\u00e4rkesprojekt<\/li>\n<li>\ud83c\udf0d F\u00f6rpackningsspr\u00e5k kan anpassas p\u00e5 engelska, ryska, spanska och mer<\/li>\n<li>\ud83e\uddea Alternativ f\u00f6r nikotinstyrka: 0 %, 2 %, 3 %, 5 %<\/li>\n<li>\ud83c\udfea Perfekt f\u00f6r vapegrossister, distribut\u00f6rer och vapebutiker<\/li>\n<\/ul>\n<h3>\u00d6versikt \u00f6ver Bang Leader 350K<\/h3>\n<p>Bang Leader 350K \u00e4r designad f\u00f6r kunder som vill ha ett mycket h\u00f6gt antal bloss och fler smakval i en eng\u00e5ngsvape. 8-i-1-inst\u00e4llningen ger anv\u00e4ndarna 4 huvudsmaker plus 4 blandade smakkombinationer, vilket g\u00f6r vapingupplevelsen mer intressant och mer flexibel. Detta g\u00f6r enheten s\u00e4rskilt attraktiv f\u00f6r kunder som tycker om att byta smak utan att b\u00e4ra flera vapes.<\/p>\n<p>F\u00f6r B2B-k\u00f6pare har denna modell ocks\u00e5 ett starkt kommersiellt v\u00e4rde. Den st\u00f6der OEM\/ODM-service, flera nikotinalternativ och flerspr\u00e5kig f\u00f6rpackning, vilket hj\u00e4lper distribut\u00f6rer att anpassa produkten till olika marknader. Dess dj\u00e4rva utseende, stora kapacitet och smakrika koncept g\u00f6r den l\u00e4mplig som en flaggskeppsprodukt med h\u00f6g puff i vapebutiker och grossistkataloger.<\/p>\n<p>Bang Leader 350K \u00e4r en dj\u00e4rv megapuff eng\u00e5ngsvape byggd f\u00f6r kunder som vill ha l\u00e5ng anv\u00e4ndningstid, rikare variation och stark marknadstilltal. Med 8-i-1 smakkombinationer, uppladdningsbar typ-C-design, mesh-spoleutg\u00e5ng och OEM\/ODM-st\u00f6d \u00e4r det ett kraftfullt alternativ f\u00f6r tunga anv\u00e4ndare, smakf\u00f6rf\u00f6ljare, vapebutiker och globala grossistk\u00f6pare. Om du vill ha en premiumprodukt med h\u00f6g puff f\u00f6r att st\u00e4rka din katalog, \u00e4r Bang Leader 350K en stark flaggskeppskandidat.<\/p>\n<h3>Bang Leader 350K-specifikationer<\/h3>\n<tbody>\n<tr>\n<th>Funktion<\/th>\n<th>Detaljer<\/th>\n<\/tr>\n<tr>\n<td>Produktnamn<\/td>\n<td>Bang Leader 350K<\/td>\n<\/tr>\n<tr>\n<td>Enhetstyp<\/td>\n<td>8-i-1 eng\u00e5ngsvape<\/td>\n<\/tr>\n<tr>\n<td>Puff Count<\/td>\n<td>Upp till 350 000 bloss<\/td>\n<\/tr>\n<tr>\n<td>Batteri<\/td>\n<td>17350 850mAh<\/td>\n<\/tr>\n<tr>\n<td>Spoltyp<\/td>\n<td>1,0 mesh spole<\/td>\n<\/tr>\n<tr>\n<td>Laddningsport<\/td>\n<td>Typ-C<\/td>\n<\/tr>\n<tr>\n<td>Nikotinstyrka<\/td>\n<td>0 % \/ 2 % \/ 3 % \/ 5 %<\/td>\n<\/tr>\n<tr>\n<td>Anpassning<\/td>\n<td>OEM\/ODM st\u00f6ds<\/td>\n<\/tr>\n<tr>\n<td>F\u00f6rpackningsspr\u00e5k<\/td>\n<td>Engelska \/ ryska \/ spanska \/ anpassade spr\u00e5k<\/td>\n<\/tr>\n<tr>\n<td>En enhetsvikt<\/td>\n<td>140 g<\/td>\n<\/tr>\n<tr>\n<td>10 enheters vikt<\/td>\n<td>1400g<\/td>\n<\/tr>\n<tr>\n<td>Kartongkvantitet<\/td>\n<td>200 st<\/td>\n<\/tr>\n<tr>\n<td>Kartongstorlek<\/td>\n<td>51,5 \u00d7 51,5 \u00d7 30,5 cm<\/td>\n<\/tr>\n<tr>\n<td>Kartongvikt<\/td>\n<td>28 kg (utan yttervikt f\u00f6r kartong)<\/td>\n<\/tr>\n<tr>\n<td>MOQ<\/td>\n<td>10 st per enkel smaksats<\/td>\n<\/tr>\n<\/tbody>\n<\/table>\n<h3><img decoding=\"async\" class=\"alignnone size-full wp-image-114777\" src=\"https:\/\/aiviouvapes.com\/wp-content\/uploads\/2026\/03\/BANG-LEADER-350K-1.jpg\" alt=\"Bang Leader 350K\" width=\"h3030\" title=\"\">&lt;7020&quot;<\/p>\n<h3>Smakkombinationer<\/h3>\n<p>Bang Leader 350K anv\u00e4nder ett innovativt <strong>8-i-1 smakv\u00e4xlingssystem<\/strong>. Varje enhet inneh\u00e5ller fyra k\u00e4rnsmaker plus fyra automatiska mixkombinationer (1+2, 2+3, 3+4 och 4+1), vilket g\u00f6r att anv\u00e4ndarna kan njuta av b\u00e5de rena smaker och blandade smaker i en vape.<\/p>\n<p>Smakseten t\u00e4cker ett brett utbud av popul\u00e4ra profiler. Vissa fokuserar p\u00e5 <strong>coola fruktklassiker<\/strong> som Blue Razz Ice, Watermelon Ice, Strawberry Ice och Lemon Lime. Andra har med sig <strong>s\u00f6ta b\u00e4r och tropiska blandningar<\/strong> som Blueberry Ice, Tropical Fruit, Apple Kiwi Ice och Blue Razz Cherry.<\/p>\n<p>Det finns ocks\u00e5 mer lekfulla kombinationer inspirerade av drinkar och desserter, inklusive Cherry Cola, Pink Lemonade, Mango Passion Fruit och Lemon Peach. F\u00f6r tropiska \u00e4lskare ger smaker som Pineapple Coconut Ice, Kiwi Passion Fruit Guava och Peach Mango Watermelon en rikare exotisk smak.<\/p>\n<p>M\u00e5nga set lyfter fram popul\u00e4ra b\u00e4r- och vattenmelonblandningar som Strawberry Watermelon, Raspberry Watermelon, Blueberry Raspberry och Strawberry Banana, medan andra har unika smaker som Dragonfruit Ice, Cherry Pomegranate, Love 66 och den v\u00e4lk\u00e4nda Fucking Fab-profilen.<\/p>\n<p>Sammantaget \u00e4r Bang Leader 350K smaksortimentet designat f\u00f6r att h\u00e5lla upplevelsen fr\u00e4sch och intressant. Oavsett om anv\u00e4ndarna f\u00f6redrar isiga frukter, tropiska blandningar, s\u00f6ta b\u00e4r eller smaker av drycker, g\u00f6r v\u00e4xlingssystemet f\u00f6r flera smaker det enkelt att utforska olika smaker utan att byta enhet.<\/p>\n<h3>Vem \u00e4r den h\u00e4r vapen b\u00e4st f\u00f6r?<\/h3>\n<ul>\n<li>Tunga anv\u00e4ndare som vill ha en l\u00e5ngvarig h\u00f6g puff enhet<\/li>\n<li>Smakjagare som tycker om att v\u00e4xla mellan olika smaker<\/li>\n<li>Vapebutiker som vill ha en enast\u00e5ende eng\u00e5ngsvape<\/li>\n<li>Grossister och distribut\u00f6rer som letar efter OEM-f\u00f6rberedda megapuff-produkter<\/li>\n<li>Exportera k\u00f6pare som beh\u00f6ver flexibla nikotin- och f\u00f6rpackningsalternativ<\/li>\n<\/ul>\n<h3>Vanliga fr\u00e5gor<\/h3>\n<h4>1. Hur m\u00e5nga bloss erbjuder Bang Leader 350K?<\/h4>\n<p>Bang Leader 350K erbjuder upp till 350 000 bloss, vilket g\u00f6r den till en eng\u00e5ngsvape med ultrah\u00f6g kapacitet f\u00f6r l\u00e5ngvarig anv\u00e4ndning.<\/p>\n<h4>2. \u00c4r Bang Leader 350K uppladdningsbar?<\/h4>\n<p>Ja. Den st\u00f6der Type-C-laddning, vilket hj\u00e4lper anv\u00e4ndare att njuta av enhetens fulla kapacitet enklare.<\/p>\n<h4>3. Vilket batteri anv\u00e4nder den h\u00e4r enheten?<\/h4>\n<p>Enheten anv\u00e4nder ett 17350 850mAh batteri.<\/p>\n<h4>4. Vilken spole anv\u00e4nds i Bang Leader 350K?<\/h4>\n<p>Den anv\u00e4nder en 1,0 mesh spole f\u00f6r stabil uppv\u00e4rmning, j\u00e4mnare \u00e5nga och b\u00e4ttre smakprestanda.<\/p>\n<h4>5. Vilka nikotinstyrkor finns tillg\u00e4ngliga?<\/h4>\n<p>Alternativen f\u00f6r nikotinstyrka inkluderar 0 %, 2 %, 3 % och 5 %.<\/p>\n<h4>6. St\u00f6der den h\u00e4r produkten OEM eller ODM?<\/h4>\n<p>Ja. Bang Leader 350K st\u00f6der OEM- och ODM-anpassning, vilket \u00e4r idealiskt f\u00f6r egna m\u00e4rkesvaror och grossistprojekt.<\/p>\n<h4>7. Vilka f\u00f6rpackningsspr\u00e5k finns tillg\u00e4ngliga?<\/h4>\n<p>F\u00f6rpackningar kan anpassas p\u00e5 engelska, ryska, spanska och andra spr\u00e5k baserat p\u00e5 marknadens behov.<\/p>\n<h4>8. Hur m\u00e5nga smakalternativ finns i en enhet?<\/h4>\n<p>Varje Bang Leader 350K-enhet \u00e4r designad som en 8-i-1 vape, med 4 huvudsmaker och 4 blandade kombinationer.<\/p>\n<h4>9. Vad \u00e4r MOQ?<\/h4>\n<p>Minsta best\u00e4llningskvantitet \u00e4r 10 stycken f\u00f6r en enstaka smaks\u00e4ttning.<\/p>\n<h4>10. \u00c4r Bang Leader 350K l\u00e4mplig f\u00f6r grossisthandel?<\/h4>\n<p>Ja. Dess h\u00f6ga blossantal, anpassningsst\u00f6d, exportv\u00e4nliga f\u00f6rpackningsalternativ och i\u00f6gonfallande smaksystem g\u00f6r den till ett starkt val f\u00f6r grossistdistribution.<\/p>\n<h3><img decoding=\"async\" class=\"alignnone size-full wp-image-114793\" src=\"https:\/\/aiviouvapes.com\/wp-content\/uploads\/2026\/03\/BANG-LEADER-350K-17.jpg\" alt=\"Bang Leader 350K\" width=\"1920\" title=\"\"> h\u00f6jd=&#8221;\/920&#8243;&gt;<\/p>\n","protected":false},"excerpt":{"rendered":"<p>Bang Leader 350K \u00e4r en 8-i-1 eng\u00e5ngsvape med h\u00f6g kapacitet gjord f\u00f6r tunga anv\u00e4ndare, smak\u00e4lskare och grossistk\u00f6pare. Med upp till 350 000 puffar, laddningsbar Type-C-laddning, mesh-spoleprestanda och 8 smakl\u00e4gen i en enhet \u00e4r det ett starkt val f\u00f6r vapebutiker och distribut\u00f6rer.<\/p>\n","protected":false},"featured_media":7106,"comment_status":"open","ping_status":"closed","template":"","meta":[],"product_brand":[],"product_cat":[350],"product_tag":[],"class_list":{"0":"post-10235","1":"product","2":"type-product","3":"status-publish","4":"has-post-thumbnail","6":"product_cat-bang","8":"first","9":"instock","10":"shipping-taxable","11":"product-type-simple"},"tiered_pricing_type":"fixed","tiered_pricing_fixed_rules":[],"tiered_pricing_product_settings":{"layout":"default","base_unit_name":{"singular":null,"plural":null},"default_variation":null},"tiered_pricing_minimum_quantity":null,"tiered_pricing_roles_data":[],"tiered_pricing_percentage_rules":[],"tiered_pricing_maximum_quantity":null,"tiered_pricing_quantity_step":null,"_links":{"self":[{"href":"https:\/\/stage.jrfer.com\/sv\/wp-json\/wp\/v2\/product\/10235","targetHints":{"allow":["GET"]}}],"collection":[{"href":"https:\/\/stage.jrfer.com\/sv\/wp-json\/wp\/v2\/product"}],"about":[{"href":"https:\/\/stage.jrfer.com\/sv\/wp-json\/wp\/v2\/types\/product"}],"replies":[{"embeddable":true,"href":"https:\/\/stage.jrfer.com\/sv\/wp-json\/wp\/v2\/comments?post=10235"}],"wp:featuredmedia":[{"embeddable":true,"href":"https:\/\/stage.jrfer.com\/sv\/wp-json\/wp\/v2\/media\/7106"}],"wp:attachment":[{"href":"https:\/\/stage.jrfer.com\/sv\/wp-json\/wp\/v2\/media?parent=10235"}],"wp:term":[{"taxonomy":"product_brand","embeddable":true,"href":"https:\/\/stage.jrfer.com\/sv\/wp-json\/wp\/v2\/product_brand?post=10235"},{"taxonomy":"product_cat","embeddable":true,"href":"https:\/\/stage.jrfer.com\/sv\/wp-json\/wp\/v2\/product_cat?post=10235"},{"taxonomy":"product_tag","embeddable":true,"href":"https:\/\/stage.jrfer.com\/sv\/wp-json\/wp\/v2\/product_tag?post=10235"}],"curies":[{"name":"wp","href":"https:\/\/api.w.org\/{rel}","templated":true}]}}