{"id":15588,"date":"2025-07-07T09:28:38","date_gmt":"2025-07-07T09:28:38","guid":{"rendered":"https:\/\/stage.jrfer.com\/product\/uzy-60k-3-i-1-60000-puffar-triple-mesh-coil-bulk-engangsvape\/"},"modified":"2026-04-07T12:41:30","modified_gmt":"2026-04-07T12:41:30","slug":"uzy-triple-flavors-60000","status":"publish","type":"product","link":"https:\/\/stage.jrfer.com\/sv\/produkt\/uzy-triple-flavors-60000\/","title":{"rendered":"UZY 60K 3-i-1 60000 puffar | triple mesh coil bulk eng\u00e5ngsvape"},"content":{"rendered":"<h2>Varf\u00f6r v\u00e4lja UZY Triple Flavours 60000?<\/h2>\n<ul>\n<li><strong>Massiv puffkapacitet:<\/strong> Upp till 60 000 puffar f\u00f6r l\u00e5ngvarig anv\u00e4ndning \ud83d\ude80<\/li>\n<li><strong>Triple Flavor Rotation:<\/strong> V\u00e4xla mellan 3 sp\u00e4nnande smaker i en enhet \ud83c\udf47\ud83c\udf49\ud83e\udd6d<\/li>\n<li><strong>Pro- och Maxl\u00e4gen:<\/strong> V\u00e4lj mellan mjukare moln eller maximal intensitet \u26a1\ud83c\udf2c\ufe0f<\/li>\n<li><strong>Triple Mesh Coil:<\/strong> Ger dj\u00e4rv, rik smak med varje puff \ud83d\udd25<\/li>\n<li><strong>Uppladdningsbar str\u00f6m:<\/strong> 850mAh Type-C snabbladdning g\u00f6r att du kan vapa l\u00e4ngre \ud83d\udd0b<\/li>\n<li><strong>LED Smart Screen:<\/strong> Enkel olje- och batteri\u00f6vervakning \ud83d\udcca<\/li>\n<li><strong>F\u00f6rberedd f\u00f6r grossisthandel:<\/strong> Bulkv\u00e4nlig design perfekt f\u00f6r distribut\u00f6rer och \u00e5terf\u00f6rs\u00e4ljare \ud83d\udce6<\/li>\n<\/ul>\n<h3>Specifikationer<\/h3>\n<tbody>\n<tr>\n<td><strong>Puffkapacitet:<\/strong><\/td>\n<td>60 000 bloss<\/td>\n<\/tr>\n<tr>\n<td><strong>E-v\u00e4tskekapacitet:<\/strong><\/td>\n<td>54mL (18mL \u00d7 3 smaker)<\/td>\n<\/tr>\n<tr>\n<td><strong>Batteri:<\/strong><\/td>\n<td>850mAh uppladdningsbar, Type-C<\/td>\n<\/tr>\n<tr>\n<td><strong>Spoltyp:<\/strong><\/td>\n<td>Triple mesh spole<\/td>\n<\/tr>\n<tr>\n<td><strong>Nikotinalternativ:<\/strong><\/td>\n<td>0 %, 2 %, 3 %, 5 %<\/td>\n<\/tr>\n<tr>\n<td><strong>Visa:<\/strong><\/td>\n<td>Smart LED-sk\u00e4rm<\/td>\n<\/tr>\n<tr>\n<td><strong>Design:<\/strong><\/td>\n<td>Kristallklar kropp<\/td>\n<\/tr>\n<tr>\n<td><strong>Str\u00f6ml\u00e4gen:<\/strong><\/td>\n<td>Pro &amp; Max<\/td>\n<\/tr>\n<\/tbody>\n<\/table>\n<h3>Smakkombinationer<\/h3>\n<p>UZY 60K ger dig sp\u00e4nnande kombinationer med tre smaker s\u00e5 att du aldrig blir uttr\u00e5kad. H\u00e4r \u00e4r n\u00e5gra h\u00f6jdpunkter:<\/p>\n<ul>\n<li><strong>Bl\u00e5b\u00e4rshallon \u2022 Jordgubbskiwi \u2022 Citronlime:<\/strong> En fruktig och uppfriskande blandning med en citruskick \ud83e\uded0\ud83c\udf53\ud83c\udf4b<\/li>\n<li><strong>Kiwi Passionsfrukt Guava \u2022 Bl\u00e5b\u00e4rsis \u2022 Persikamango:<\/strong> Exotisk, isig och tropisk godhet \ud83e\udd5d\ud83e\udd6d\u2744\ufe0f<\/li>\n<li><strong>Jordgubbsvattenmelon \u2022 Cola Ice \u2022 Cherry Cola:<\/strong> S\u00f6ta frukter m\u00f6ter brusande sodavibbar \ud83c\udf53\ud83c\udf49\ud83e\udd64<\/li>\n<li><strong>Peach Ice \u2022 Strawberry Raspberry Cherry Ice \u2022 Two Apple Ice:<\/strong> En rik blandning av klassiker och svalkande blandningar \ud83c\udf51\ud83c\udf52\ud83c\udf4f<\/li>\n<li><strong>Druvis \u2022 K\u00e4rlek 666 \u2022 Strawberry Red Bull:<\/strong> Dj\u00e4rva druvor, energivibbar och unik smak \ud83c\udf47\u26a1<\/li>\n<li><strong>Mr Blue \u2022 Gummy Bear \u2022 Red Bull Ice:<\/strong> Roliga godisaromer med en uppfriskande energi twist \ud83c\udf6c\u2744\ufe0f<\/li>\n<li><strong>Peach Mango Ananas \u2022 Blue Razz Ice \u2022 Hallonvattenmelon:<\/strong> Tropiska, syrliga och saftiga lager \ud83c\udf4d\ud83c\udf51\ud83c\udf49<\/li>\n<li><strong>Watermelon Ice \u2022 Triple Melon Ice \u2022 Strawberry Banana:<\/strong> En smidig och uppfriskande fruktig kombination \ud83c\udf49\ud83c\udf4c<\/li>\n<li><strong>Summer Peach Ice \u2022 Strawberry Ice \u2022 Blue Razz Ice:<\/strong> S\u00f6t, sval och fruktig trio \u2744\ufe0f\ud83c\udf51\ud83c\udf53<\/li>\n<li><strong>Cherry Ice \u2022 Blandade b\u00e4r \u2022 Black Dragon Ice:<\/strong> En unik, dj\u00e4rv och isig upplevelse \ud83c\udf52\ud83d\udda4<\/li>\n<\/ul>\n<h3>Perfekt f\u00f6r tunga anv\u00e4ndare, smakjagare och partihandel<\/h3>\n<p>UZY Triple Flavours 60000 \u00e4r utformad f\u00f6r dem som kr\u00e4ver variation och prestanda. Med 60 000 puffar, roterande smaker och kraftfulla trippeln\u00e4tspoler \u00e4r den perfekt f\u00f6r tunga vapers, smakentusiaster och vapebutiker. Bulk-f\u00e4rdiga f\u00f6rpackningar g\u00f6r det till ett toppval f\u00f6r grossistdistribution. \ud83d\udcaf\ud83d\udca8<\/p>\n<h3>Vanliga fr\u00e5gor<\/h3>\n<ul>\n<li><strong>Hur m\u00e5nga smaker kan jag v\u00e4xla mellan?<\/strong><br \/>\nVarje enhet inneh\u00e5ller 3 olika smaker som du kan rotera n\u00e4r som helst.<\/li>\n<li><strong>Har den olika nikotinniv\u00e5er?<\/strong><br \/>\nJa, tillg\u00e4ngligt i alternativen 0 %, 2 %, 3 % och 5 %.<\/li>\n<li><strong>\u00c4r batteriet uppladdningsbart?<\/strong><br \/>\nJa! Den levereras med ett 850mAh uppladdningsbart batteri och Type-C-laddning.<\/li>\n<li><strong>Vad skiljer den fr\u00e5n andra vapes?<\/strong><br \/>\nDen har tredubbla mesh-spolar, Pro och Max-l\u00e4gen och 60 000 puffar med trippelsmakskammare.<\/li>\n<li><strong>\u00c4r det bra f\u00f6r grossistbest\u00e4llningar?<\/strong><br \/>\nAbsolut \u2013 UZY 60K \u00e4r bulkv\u00e4nlig och mycket attraktiv f\u00f6r distribut\u00f6rer och vapebutiker.<\/li>\n<\/ul>\n","protected":false},"excerpt":{"rendered":"<p>Uppt\u00e4ck o\u00e4ndliga smakvariationer med UZY Triple Flavours 60000 \ud83d\udca8\ud83d\udd25. Njut av 3 roterande smaker, upp till 60 000 puffar och kraftfulla trippeln\u00e4tspiraler \u2013 byggda f\u00f6r tunga vapers, vapebutiker och grossistk\u00f6pare.<\/p>\n","protected":false},"featured_media":3849,"comment_status":"open","ping_status":"closed","template":"","meta":[],"product_brand":[],"product_cat":[1898],"product_tag":[],"class_list":{"0":"post-15588","1":"product","2":"type-product","3":"status-publish","4":"has-post-thumbnail","6":"product_cat-uzy","8":"first","9":"instock","10":"shipping-taxable","11":"purchasable","12":"product-type-variable","13":"has-default-attributes"},"tiered_pricing_type":"fixed","tiered_pricing_fixed_rules":{"30":8.6400000000000005684341886080801486968994140625,"50":6.79000000000000003552713678800500929355621337890625,"100":6.1699999999999999289457264239899814128875732421875,"200":5.79999999999999982236431605997495353221893310546875,"400":5.37000000000000010658141036401502788066864013671875},"tiered_pricing_product_settings":{"layout":"default","base_unit_name":{"singular":null,"plural":null},"default_variation":null},"tiered_pricing_minimum_quantity":10,"tiered_pricing_roles_data":[],"tiered_pricing_percentage_rules":[],"tiered_pricing_maximum_quantity":null,"tiered_pricing_quantity_step":"10","_links":{"self":[{"href":"https:\/\/stage.jrfer.com\/sv\/wp-json\/wp\/v2\/product\/15588","targetHints":{"allow":["GET"]}}],"collection":[{"href":"https:\/\/stage.jrfer.com\/sv\/wp-json\/wp\/v2\/product"}],"about":[{"href":"https:\/\/stage.jrfer.com\/sv\/wp-json\/wp\/v2\/types\/product"}],"replies":[{"embeddable":true,"href":"https:\/\/stage.jrfer.com\/sv\/wp-json\/wp\/v2\/comments?post=15588"}],"wp:featuredmedia":[{"embeddable":true,"href":"https:\/\/stage.jrfer.com\/sv\/wp-json\/wp\/v2\/media\/3849"}],"wp:attachment":[{"href":"https:\/\/stage.jrfer.com\/sv\/wp-json\/wp\/v2\/media?parent=15588"}],"wp:term":[{"taxonomy":"product_brand","embeddable":true,"href":"https:\/\/stage.jrfer.com\/sv\/wp-json\/wp\/v2\/product_brand?post=15588"},{"taxonomy":"product_cat","embeddable":true,"href":"https:\/\/stage.jrfer.com\/sv\/wp-json\/wp\/v2\/product_cat?post=15588"},{"taxonomy":"product_tag","embeddable":true,"href":"https:\/\/stage.jrfer.com\/sv\/wp-json\/wp\/v2\/product_tag?post=15588"}],"curies":[{"name":"wp","href":"https:\/\/api.w.org\/{rel}","templated":true}]}}