{"id":39902,"date":"2025-07-07T09:28:39","date_gmt":"2025-07-07T09:28:39","guid":{"rendered":"https:\/\/stage.jrfer.com\/product\/uwin-randm-tornado-beat-35k-35-000-puffar-musikledd-bulk-engangsvape\/"},"modified":"2026-04-07T12:29:38","modified_gmt":"2026-04-07T12:29:38","slug":"uwin-randm-tornado-beat-35k","status":"publish","type":"product","link":"https:\/\/stage.jrfer.com\/sv\/produkt\/uwin-randm-tornado-beat-35k\/","title":{"rendered":"Uwin Randm Tornado Beat 35K | 35 000 puffar musikledd bulk eng\u00e5ngsvape"},"content":{"rendered":"<h2>Varf\u00f6r v\u00e4lja Uwin Randm Tornado Beat 35K?<\/h2>\n<ul>\n<li><strong>Massivt puffantal:<\/strong> Upp till 35 000 bloss f\u00f6r l\u00e5ngvarig njutning \ud83d\udd25<\/li>\n<li><strong>Musiksynkroniserade LED-lampor:<\/strong> L\u00e4gg till roligt och stil till varje puff \ud83c\udfb5\u2728<\/li>\n<li><strong>Nikotinalternativ:<\/strong> V\u00e4lj mellan 0 %, 2 %, 3 % eller 5 % f\u00f6r att passa dina behov \ud83d\udca8<\/li>\n<li><strong>1,0\u03a9 Mesh Coil:<\/strong> J\u00e4mn och konsekvent \u00e5nga med f\u00f6rb\u00e4ttrad smak \ud83d\ude0b<\/li>\n<li><strong>Uppladdningsbar bekv\u00e4mlighet:<\/strong> Snabb Type-C-laddning med kraftfullt 850mAh batteri \u26a1<\/li>\n<li><strong>B\u00e4rbar design:<\/strong> L\u00e4tt och l\u00e4tt att b\u00e4ra p\u00e5 spr\u00e5ng \ud83d\udc5c<\/li>\n<li><strong>Perfekt f\u00f6r alla k\u00f6pare:<\/strong> Perfekt f\u00f6r personligt bruk, vapebutiker och bulkdistribution \ud83c\udfea<\/li>\n<\/ul>\n<h3>Specifikationer<\/h3>\n<tbody>\n<tr>\n<td><strong>Puffkapacitet:<\/strong><\/td>\n<td>Upp till 35 000 bloss<\/td>\n<\/tr>\n<tr>\n<td><strong>Batteri:<\/strong><\/td>\n<td>600mAh + 850mAh (uppladdningsbar typ C)<\/td>\n<\/tr>\n<tr>\n<td><strong>Spoltyp:<\/strong><\/td>\n<td>1,0\u03a9 mesh spole<\/td>\n<\/tr>\n<tr>\n<td><strong>Nikotinalternativ:<\/strong><\/td>\n<td>0 %, 2 %, 3 %, 5 %<\/td>\n<\/tr>\n<tr>\n<td><strong>Visa:<\/strong><\/td>\n<td>Musiksynkroniserade LED-lampor<\/td>\n<\/tr>\n<tr>\n<td><strong>Design:<\/strong><\/td>\n<td>L\u00e4tt, b\u00e4rbar, snygg<\/td>\n<\/tr>\n<\/tbody>\n<\/table>\n<h3>Smakval<\/h3>\n<p>Uwin Randm Tornado Beat 35K kommer i en m\u00e4ngd l\u00e4ckra och uppfriskande smaker f\u00f6r att tillfredsst\u00e4lla alla smaker:<\/p>\n<ul>\n<li><strong>Bl\u00e5b\u00e4rshallon:<\/strong> S\u00f6t och syrlig b\u00e4rduo \ud83e\uded0\ud83c\udf53<\/li>\n<li><strong>Jordgubbsvattenmelon:<\/strong> Saftig sommarblandning \ud83c\udf53\ud83c\udf49<\/li>\n<li><strong>Bl\u00e5b\u00e4r P\u00e5 Is:<\/strong> Cool och frostig b\u00e4rkick \u2744\ufe0f\ud83e\uded0<\/li>\n<li><strong>Vattenmelon is:<\/strong> F\u00e4rsk kyld vattenmelon \ud83c\udf49\u2744\ufe0f<\/li>\n<li><strong>Sommar Persika Is:<\/strong> S\u00f6t persika med en isig twist \ud83c\udf51\u2744\ufe0f<\/li>\n<li><strong>K\u00f6rsb\u00e4r Is:<\/strong> Uppfriskande k\u00f6rsb\u00e4r med en cool finish \ud83c\udf52\u2744\ufe0f<\/li>\n<li><strong>Jordgubb Hallon K\u00f6rsb\u00e4r Is:<\/strong> Blandad b\u00e4rexplosion med isig f\u00f6rfriskning \ud83c\udf53\ud83c\udf52\u2744\ufe0f<\/li>\n<li><strong>Kiwi Passionsfrukt Guava:<\/strong> Exotiskt tropiskt medley \ud83e\udd5d\ud83e\udd6d<\/li>\n<li><strong>Jordgubbis:<\/strong> S\u00f6t jordgubbe med en frostig kant \ud83c\udf53\u2744\ufe0f<\/li>\n<li><strong>K\u00f6rsb\u00e4r Cola:<\/strong> Klassisk l\u00e4sk med k\u00f6rsb\u00e4rstvist \ud83e\udd64\ud83c\udf52<\/li>\n<li><strong>Blandade b\u00e4r:<\/strong> Burst av s\u00f6ta och syrliga b\u00e4r \ud83c\udf53\ud83e\uded0<\/li>\n<li><strong>Herr Bl\u00e5:<\/strong> Mystisk b\u00e4rblandning f\u00f6r \u00e4ventyrliga vapers \ud83c\udf0c<\/li>\n<\/ul>\n<h3>Perfekt f\u00f6r tunga anv\u00e4ndare, smak\u00e4lskare och partihandel<\/h3>\n<p>Uwin Randm Tornado Beat 35K \u00e4r byggd f\u00f6r dem som vill ha kraft, smak och stil. Med sitt enorma blossantal, anpassningsbara nikotinniv\u00e5er och LED-partyvibbar \u00e4r den perfekt f\u00f6r tunga anv\u00e4ndare, smakjagare, vapebutiker och bulkdistribut\u00f6rer. \ud83d\ude80<\/p>\n<h3>Vanliga fr\u00e5gor<\/h3>\n<ul>\n<li><strong>Hur l\u00e4nge varar det?<\/strong><br \/>\nMed upp till 35 000 bloss \u00e4r den h\u00e4r enheten designad f\u00f6r att h\u00e5lla i veckor beroende p\u00e5 anv\u00e4ndning.<\/li>\n<li><strong>Kan jag ladda upp den?<\/strong><br \/>\nJa! Den har Type-C snabbladdning med ett 850mAh batteri f\u00f6r l\u00e5nga sessioner.<\/li>\n<li><strong>F\u00f6ljs det med nikotinfria alternativ?<\/strong><br \/>\nJa, nikotinstyrkorna inkluderar 0 %, 2 %, 3 % och 5 %.<\/li>\n<li><strong>\u00c4r det bra f\u00f6r grossistdistribution?<\/strong><br \/>\nAbsolut! Tornado Beat 35K \u00e4r en stors\u00e4ljare f\u00f6r vapebutiker och distribut\u00f6rer \u00f6ver hela v\u00e4rlden.<\/li>\n<\/ul>\n","protected":false},"excerpt":{"rendered":"<p>Njut av upp till 35 000 bloss med Uwin Randm Tornado Beat 35K! \ud83c\udfb6 Med musiksynkroniserade LED-lampor, rika smaker och mesh-spolteknologi \u00e4r detta den ultimata eng\u00e5ngsvapen f\u00f6r b\u00e5de personligt bruk och grossistk\u00f6pare.<\/p>\n","protected":false},"featured_media":3885,"comment_status":"open","ping_status":"closed","template":"","meta":[],"product_brand":[],"product_cat":[384],"product_tag":[],"class_list":{"0":"post-39902","1":"product","2":"type-product","3":"status-publish","4":"has-post-thumbnail","6":"product_cat-uwin","8":"first","9":"instock","10":"shipping-taxable","11":"purchasable","12":"product-type-variable","13":"has-default-attributes"},"tiered_pricing_type":"fixed","tiered_pricing_fixed_rules":{"30":7.589999999999999857891452847979962825775146484375,"50":5.7400000000000002131628207280300557613372802734375,"100":5.12000000000000010658141036401502788066864013671875,"200":4.75,"400":4.32000000000000028421709430404007434844970703125},"tiered_pricing_product_settings":{"layout":"default","base_unit_name":{"singular":null,"plural":null},"default_variation":null},"tiered_pricing_minimum_quantity":10,"tiered_pricing_roles_data":[],"tiered_pricing_percentage_rules":[],"tiered_pricing_maximum_quantity":null,"tiered_pricing_quantity_step":"10","_links":{"self":[{"href":"https:\/\/stage.jrfer.com\/sv\/wp-json\/wp\/v2\/product\/39902","targetHints":{"allow":["GET"]}}],"collection":[{"href":"https:\/\/stage.jrfer.com\/sv\/wp-json\/wp\/v2\/product"}],"about":[{"href":"https:\/\/stage.jrfer.com\/sv\/wp-json\/wp\/v2\/types\/product"}],"replies":[{"embeddable":true,"href":"https:\/\/stage.jrfer.com\/sv\/wp-json\/wp\/v2\/comments?post=39902"}],"wp:featuredmedia":[{"embeddable":true,"href":"https:\/\/stage.jrfer.com\/sv\/wp-json\/wp\/v2\/media\/3885"}],"wp:attachment":[{"href":"https:\/\/stage.jrfer.com\/sv\/wp-json\/wp\/v2\/media?parent=39902"}],"wp:term":[{"taxonomy":"product_brand","embeddable":true,"href":"https:\/\/stage.jrfer.com\/sv\/wp-json\/wp\/v2\/product_brand?post=39902"},{"taxonomy":"product_cat","embeddable":true,"href":"https:\/\/stage.jrfer.com\/sv\/wp-json\/wp\/v2\/product_cat?post=39902"},{"taxonomy":"product_tag","embeddable":true,"href":"https:\/\/stage.jrfer.com\/sv\/wp-json\/wp\/v2\/product_tag?post=39902"}],"curies":[{"name":"wp","href":"https:\/\/api.w.org\/{rel}","templated":true}]}}