{"id":43595,"date":"2025-07-07T09:28:39","date_gmt":"2025-07-07T09:28:39","guid":{"rendered":"https:\/\/stage.jrfer.com\/product\/bang-king-85k-3-i-1-85-000-puffar-triple-flavor-bulk-engangsvape\/"},"modified":"2026-04-07T08:59:23","modified_gmt":"2026-04-07T08:59:23","slug":"bang-king-85k","status":"publish","type":"product","link":"https:\/\/stage.jrfer.com\/sv\/produkt\/bang-king-85k\/","title":{"rendered":"Bang King 85K 3-i-1 | 85 000 puffar triple flavor bulk eng\u00e5ngsvape"},"content":{"rendered":"<h2>Varf\u00f6r v\u00e4lja Bang King 85K 3-i-1?<\/h2>\n<ul>\n<li><strong>85 000 puffar:<\/strong> Njut av upp till 85 000 puffar av ren tillfredsst\u00e4llelse, perfekt f\u00f6r l\u00e5ngvariga vapers och tunga anv\u00e4ndare \ud83d\udd25\ud83d\udca8<\/li>\n<li><strong>Trippel smakjustering:<\/strong> V\u00e4xla mellan tre fantastiska smaker i en enhet f\u00f6r en unik upplevelse varje g\u00e5ng \ud83c\udf53\ud83c\udf4d\ud83c\udf49<\/li>\n<li><strong>Triple Mesh Coil:<\/strong> Utrustad med en 1,0\u03a9 triple mesh coil, som ger ultrasl\u00e4ta tr\u00e4ffar och f\u00f6rb\u00e4ttrad smakleverans \ud83d\udd25<\/li>\n<li><strong>Gener\u00f6s kapacitet f\u00f6r e-v\u00e4tska:<\/strong> En enorm kapacitet p\u00e5 63 ml e-v\u00e4tska (21 ml x 3) s\u00e4kerst\u00e4ller f\u00e4rre p\u00e5fyllningar f\u00f6r oavbruten f\u00f6r\u00e5ngning \u26fd<\/li>\n<li><strong>Laddningsbart och bekv\u00e4mt:<\/strong> Med ett 600mAh uppladdningsbart batteri med Type-C-laddning f\u00f6r snabb uppstart \u26a1\ud83d\udd0b<\/li>\n<li><strong>LED-sk\u00e4rm:<\/strong> H\u00e5ll dig informerad med enhetens LED-sk\u00e4rm som visar batteri- och smakstatus \ud83d\udcca\u2728<\/li>\n<li><strong>Bulkf\u00f6rpackning:<\/strong> Finns i f\u00f6rpackningar om 10, perfekt f\u00f6r vapebutiker och grossistdistribution \ud83d\udce6\ud83d\udcbc<\/li>\n<\/ul>\n<h3>Specifikationer<\/h3>\n<tbody>\n<tr>\n<td><strong>Puff Count:<\/strong><\/td>\n<td>Upp till 85 000 bloss<\/td>\n<\/tr>\n<tr>\n<td><strong>Nikotinstyrka:<\/strong><\/td>\n<td>0 %, 2 %, 3 %, 5 %<\/td>\n<\/tr>\n<tr>\n<td><strong>E-v\u00e4tskekapacitet:<\/strong><\/td>\n<td>63mL (21mL \u00d7 3 smaker)<\/td>\n<\/tr>\n<tr>\n<td><strong>Spoltyp:<\/strong><\/td>\n<td>Triple Mesh Coil (1,0\u03a9)<\/td>\n<\/tr>\n<tr>\n<td><strong>Batterikapacitet:<\/strong><\/td>\n<td>600mAh uppladdningsbar<\/td>\n<\/tr>\n<tr>\n<td><strong>Laddning:<\/strong><\/td>\n<td>Typ-C<\/td>\n<\/tr>\n<tr>\n<td><strong>Visa:<\/strong><\/td>\n<td>LED-sk\u00e4rm<\/td>\n<\/tr>\n<tr>\n<td><strong>F\u00f6rpackning:<\/strong><\/td>\n<td>10 st per f\u00f6rpackning<\/td>\n<\/tr>\n<\/tbody>\n<\/table>\n<h3>Smaksamling<\/h3>\n<p>Med 16 sp\u00e4nnande kombinationer av tre smaker ger varje vape en unik, livfull upplevelse. H\u00e4r \u00e4r n\u00e5gra av de b\u00e4sta alternativen:<\/p>\n<ul>\n<li><strong>Watermelon Ice &amp; Red Bull &amp; Strawberry Kiwi:<\/strong> Uppfriskande vattenmelon och sval is, med en hint av energigivande Red Bull och s\u00f6t jordgubbskiwi \ud83c\udf49\ud83e\udd5d<\/li>\n<li><strong>Strawberry Vanilla Coke &amp; Black Dragon Ice &amp; Peach Ice:<\/strong> En kr\u00e4mig vaniljcola med en cool twist av Black Dragon Ice och saftig persika \ud83c\udf53\ud83e\udd64<\/li>\n<li><strong>Bl\u00e5b\u00e4ris &amp; citronlime &amp; jordgubbsvattenmelon:<\/strong> Syrlig citronlime, s\u00f6t jordgubbsvattenmelon och isiga bl\u00e5b\u00e4r f\u00f6r en perfekt balans \ud83e\uded0\ud83c\udf53\ud83c\udf4b<\/li>\n<li><strong>Kiwi Passion Fruit Guava &amp; Lush Ice &amp; Straw Mango:<\/strong> Tropisk passionsfrukt och guava, tillsammans med en uppfriskande isig kick \ud83e\udd5d\ud83c\udf53<\/li>\n<li><strong>Jordgubbsbanan &amp; rosa lemonad &amp; hallonvattenmelon:<\/strong> En s\u00f6t kombination av jordgubbsbanan och en uppfriskande rosa lemonad \ud83c\udf53\ud83c\udf4c\ud83c\udf49<\/li>\n<li><strong>Blue Razz Ice &amp; Strawberry Watermelon &amp; Watermelon Ice:<\/strong> En dj\u00e4rv blandning av bl\u00e5b\u00e4rsrazz med saftig vattenmelon och en frostig finish \ud83c\udf47\ud83c\udf49\u2744\ufe0f<\/li>\n<li><strong>Peach Mango &amp; Blue Razz Cherry &amp; Cool Mint:<\/strong> S\u00f6t persika och mango kombinerat med ett syrligt bl\u00e5tt razz-k\u00f6rsb\u00e4r och en svalkande mynta \ud83c\udf51\ud83e\udd6d\ud83c\udf52<\/li>\n<li><strong>Berry Lemonade &amp; Strawberry Red Bull &amp; Strawberry Pomp:<\/strong> En saftig b\u00e4rlemonad blandad med energigivande jordgubbar Red Bull \ud83c\udf53\ud83c\udf4b\u26a1<\/li>\n<li><strong>Tropisk frukt &amp; citronpersika &amp; jordgubbsvattenmelon:<\/strong> En levande tropisk fruktblandning med uppfriskande citronpersika och jordgubbsvattenmelon \ud83c\udf4d\ud83c\udf53\ud83c\udf51<\/li>\n<li><strong>Dubbel \u00e4pple &amp; ananas is &amp; fruktig fusion:<\/strong> S\u00f6t \u00e4pple och tropisk ananas med en cool isig finish \ud83c\udf4f\ud83c\udf4d\u2744\ufe0f<\/li>\n<li><strong>Ananas Coconut &amp; Blue Razz &amp; Strawberry Banana:<\/strong> En tropisk explosion av ananas kokos, blue razz och jordgubbsbanan \ud83e\udd65\ud83c\udf4d\ud83c\udf53<\/li>\n<li><strong>Cola Ice &amp; Cherry Cola &amp; Mr Blue:<\/strong> En rolig blandning av cola ice, cherry cola och en uppfriskande Mr Blue twist \ud83e\udd64\ud83c\udf52\ud83d\udc99<\/li>\n<li><strong>Strawberry Watermelon &amp; Triple Melon &amp; Strawberry Ice:<\/strong> En aptitretande blandning av vattenmelon, melon och jordgubbe med en isig utandning \ud83c\udf53\ud83c\udf49\ud83c\udf48<\/li>\n<li><strong>Strawberry Donut &amp; Love 66 &amp; Banana Ice:<\/strong> En s\u00f6t och kr\u00e4mig jordgubbsmunksmak med en twist av k\u00e4rlek 66 och bananis \ud83c\udf69\ud83c\udf4c\ud83c\udf53<\/li>\n<li><strong>Blandade b\u00e4r &amp; Mango Persika &amp; Grape Ice:<\/strong> En rik blandning av blandade b\u00e4r, s\u00f6t mango persika och cool druvis \ud83c\udf47\ud83e\udd6d\ud83c\udf51<\/li>\n<li><strong>Ice Lemon Ice &amp; Lychee Ice &amp; Mango On Ice:<\/strong> Ett uppfriskande iste med citron, litchi och tropisk mango \ud83c\udf4b\ud83c\udf53\ud83e\udd6d\u2744\ufe0f<\/li>\n<\/ul>\n<h3>Perfekt f\u00f6r tunga anv\u00e4ndare, smaks\u00f6kare och grossistk\u00f6pare<\/h3>\n<p>Bang King 85K \u00e4r designad f\u00f6r smakjagare och tunga anv\u00e4ndare som beh\u00f6ver l\u00e5ngvarig prestanda. Med enorma 85 000 puffar, justerbara inst\u00e4llningar med tre smaker och premiumkapacitet f\u00f6r e-v\u00e4tskor, \u00e4r den perfekt f\u00f6r vapebutiker och grossistdistribut\u00f6rer som vill erbjuda sina kunder en toppupplevelse. Fyll p\u00e5 och \u00f6ka din f\u00f6rs\u00e4ljning idag! \ud83d\udce6\ud83d\ude80<\/p>\n<h3>Vanliga fr\u00e5gor<\/h3>\n<ul>\n<li><strong>Hur l\u00e4nge h\u00e5ller Bang King 85K?<\/strong><br \/>\nEnheten erbjuder upp till 85 000 bloss, beroende p\u00e5 anv\u00e4ndning, vilket ger l\u00e5ngvarig tillfredsst\u00e4llelse.<\/li>\n<li><strong>Vilka nikotinstyrkor finns tillg\u00e4ngliga?<\/strong><br \/>\nDu kan v\u00e4lja mellan 0 %, 2 %, 3 % eller 5 % nikotinstyrka f\u00f6r att passa dina \u00f6nskem\u00e5l.<\/li>\n<li><strong>Hur laddar jag enheten?<\/strong><br \/>\nBang King 85K kommer med Type-C snabbladdning, s\u00e5 att du snabbt kan ladda enheten f\u00f6r kontinuerlig anv\u00e4ndning.<\/li>\n<li><strong>Vilka smaker ing\u00e5r?<\/strong><br \/>\nBang King 85K har 16 kombinationer med tre smaker, vilket ger en unik och sp\u00e4nnande vapingupplevelse varje g\u00e5ng.<\/li>\n<li><strong>Kan jag k\u00f6pa detta i bulk till min vapebutik?<\/strong><br \/>\nJa, Bang King 85K kommer i f\u00f6rpackningar om 10, vilket g\u00f6r den idealisk f\u00f6r vapebutiker och grossistdistribution.<\/li>\n<\/ul>\n","protected":false},"excerpt":{"rendered":"<p>Uppt\u00e4ck Bang King 85K med upp till 85 000 bloss, justerbara kombinationer av tre smaker och ett uppladdningsbart 600 mAh batteri. Perfekt f\u00f6r vapebutiker, grossister och tunga anv\u00e4ndare som letar efter en anpassningsbar och l\u00e5ngvarig vapeupplevelse. \ud83d\udca8\ud83c\udf53\ud83c\udf49<\/p>\n","protected":false},"featured_media":4002,"comment_status":"open","ping_status":"closed","template":"","meta":[],"product_brand":[],"product_cat":[350],"product_tag":[],"class_list":{"0":"post-43595","1":"product","2":"type-product","3":"status-publish","4":"has-post-thumbnail","6":"product_cat-bang","8":"first","9":"instock","10":"shipping-taxable","11":"purchasable","12":"product-type-variable","13":"has-default-attributes"},"tiered_pricing_type":"fixed","tiered_pricing_fixed_rules":{"30":7.9000000000000003552713678800500929355621337890625,"50":6.1699999999999999289457264239899814128875732421875,"100":5.54999999999999982236431605997495353221893310546875,"200":5.17999999999999971578290569595992565155029296875,"400":4.75},"tiered_pricing_product_settings":{"layout":"default","base_unit_name":{"singular":null,"plural":null},"default_variation":null},"tiered_pricing_minimum_quantity":10,"tiered_pricing_roles_data":[],"tiered_pricing_percentage_rules":[],"tiered_pricing_maximum_quantity":null,"tiered_pricing_quantity_step":"10","_links":{"self":[{"href":"https:\/\/stage.jrfer.com\/sv\/wp-json\/wp\/v2\/product\/43595","targetHints":{"allow":["GET"]}}],"collection":[{"href":"https:\/\/stage.jrfer.com\/sv\/wp-json\/wp\/v2\/product"}],"about":[{"href":"https:\/\/stage.jrfer.com\/sv\/wp-json\/wp\/v2\/types\/product"}],"replies":[{"embeddable":true,"href":"https:\/\/stage.jrfer.com\/sv\/wp-json\/wp\/v2\/comments?post=43595"}],"wp:featuredmedia":[{"embeddable":true,"href":"https:\/\/stage.jrfer.com\/sv\/wp-json\/wp\/v2\/media\/4002"}],"wp:attachment":[{"href":"https:\/\/stage.jrfer.com\/sv\/wp-json\/wp\/v2\/media?parent=43595"}],"wp:term":[{"taxonomy":"product_brand","embeddable":true,"href":"https:\/\/stage.jrfer.com\/sv\/wp-json\/wp\/v2\/product_brand?post=43595"},{"taxonomy":"product_cat","embeddable":true,"href":"https:\/\/stage.jrfer.com\/sv\/wp-json\/wp\/v2\/product_cat?post=43595"},{"taxonomy":"product_tag","embeddable":true,"href":"https:\/\/stage.jrfer.com\/sv\/wp-json\/wp\/v2\/product_tag?post=43595"}],"curies":[{"name":"wp","href":"https:\/\/api.w.org\/{rel}","templated":true}]}}