{"id":47918,"date":"2025-07-07T09:28:39","date_gmt":"2025-07-07T09:28:39","guid":{"rendered":"https:\/\/stage.jrfer.com\/product\/uwin-crystal-twins-40k-2-i-1-40-000-puffar-engangsvape-med-dubbla-smaker\/"},"modified":"2026-04-07T12:28:30","modified_gmt":"2026-04-07T12:28:30","slug":"uwin-crystal-twins-40k","status":"publish","type":"product","link":"https:\/\/stage.jrfer.com\/sv\/produkt\/uwin-crystal-twins-40k\/","title":{"rendered":"Uwin Crystal Twins 40K 2-i-1 40 000 puffar | eng\u00e5ngsvape med dubbla smaker"},"content":{"rendered":"<h2>Varf\u00f6r v\u00e4lja Uwin Crystal Twins 40K?<\/h2>\n<ul>\n<li><strong>40 000 puffar:<\/strong> Massiv puffkapacitet f\u00f6r l\u00e5ngvarig vaping \ud83d\udd25<\/li>\n<li><strong>Dual Flavor Pods:<\/strong> Byt smaker direkt utan att byta enhet \ud83c\udf08<\/li>\n<li><strong>Smart Screen Display:<\/strong> Visar batteri- och e-v\u00e4tskeniv\u00e5er f\u00f6r enkel sp\u00e5rning \ud83d\udcca<\/li>\n<li><strong>Starkt batteri:<\/strong> 850 mAh med snabb Type-C-laddning \u26a1<\/li>\n<li><strong>Avancerad 0,6\u03a9 Mesh Coil:<\/strong> J\u00e4mn, smakrik och konsekvent \u00e5nga varje bloss \ud83d\ude0b<\/li>\n<li><strong>Kristallklar design:<\/strong> Snygg och snygg look som sticker ut \u2728<\/li>\n<li><strong>Flera nikotinalternativ:<\/strong> V\u00e4lj 0 %, 2 %, 3 % eller 5 % f\u00f6r att passa dina \u00f6nskem\u00e5l \ud83d\udca8<\/li>\n<li><strong>Grosshandelsv\u00e4nlig:<\/strong> Idealisk f\u00f6r vapebutiker, distribut\u00f6rer och bulkk\u00f6pare \ud83c\udfea<\/li>\n<\/ul>\n<h3>Specifikationer<\/h3>\n<tbody>\n<tr>\n<td><strong>Puffkapacitet:<\/strong><\/td>\n<td>Upp till 40 000 bloss<\/td>\n<\/tr>\n<tr>\n<td><strong>E-v\u00e4tskekapacitet:<\/strong><\/td>\n<td>32mL<\/td>\n<\/tr>\n<tr>\n<td><strong>Nikotinstyrka:<\/strong><\/td>\n<td>0 %, 2 %, 3 %, 5 %<\/td>\n<\/tr>\n<tr>\n<td><strong>Batteri:<\/strong><\/td>\n<td>850mAh, uppladdningsbar typ C<\/td>\n<\/tr>\n<tr>\n<td><strong>Spoltyp:<\/strong><\/td>\n<td>0,6\u03a9 Mesh Coil<\/td>\n<\/tr>\n<tr>\n<td><strong>Visa:<\/strong><\/td>\n<td>Smart sk\u00e4rm (batteri &amp; e-v\u00e4tska)<\/td>\n<\/tr>\n<tr>\n<td><strong>Design:<\/strong><\/td>\n<td>Elegant kristallgenomskinlig kropp<\/td>\n<\/tr>\n<tr>\n<td><strong>Smaker:<\/strong><\/td>\n<td>Dual-flavor pods f\u00f6r omedelbar v\u00e4xling<\/td>\n<\/tr>\n<\/tbody>\n<\/table>\n<h3>Smakval<\/h3>\n<p>Uwin Crystal Twins 40K kommer med sp\u00e4nnande kombinationer med dubbla smaker f\u00f6r alla hum\u00f6r:<\/p>\n<ul>\n<li><strong>Bl\u00e5b\u00e4r P\u00e5 Is \/ Sommar Persika Is:<\/strong> Coolt b\u00e4r m\u00f6ter saftig persika \u2744\ufe0f\ud83c\udf51<\/li>\n<li><strong>Kiwi Passionsfrukt Guava \/ Bl\u00e5b\u00e4r Hallon:<\/strong> Exotisk tropisk fusion med s\u00f6ta b\u00e4r \ud83e\udd5d\ud83e\uded0<\/li>\n<li><strong>Jordgubbskiwi \/ Druva Is:<\/strong> Klassisk s\u00f6t-syrlig blandning med isig druva \ud83c\udf53\ud83c\udf47<\/li>\n<li><strong>Kiwi Passionsfrukt Guava \/ Tv\u00e5 \u00e4pplen:<\/strong> Tropisk frukt med skarp \u00e4ppelblandning \ud83c\udf4f\ud83e\udd6d<\/li>\n<li><strong>Jordgubbsvattenmelon \/ citronlime:<\/strong> S\u00f6t f\u00f6rfriskning med citrustwist \ud83c\udf49\ud83c\udf4b<\/li>\n<li><strong>Bl\u00e5b\u00e4rshallon\/K\u00f6rsb\u00e4rsis:<\/strong> Tangy b\u00e4rmedley med frostiga k\u00f6rsb\u00e4r \ud83e\uded0\ud83c\udf52<\/li>\n<li><strong>Jordgubbshallonk\u00f6rsb\u00e4r \/ Herr Bl\u00e5:<\/strong> B\u00e4rexplosion med mystiska toner \ud83c\udf0c<\/li>\n<li><strong>Persika Mango Ananas \/ Red Bull:<\/strong> Tropisk mix m\u00f6ter energiboost \ud83c\udf4d\u26a1<\/li>\n<li><strong>Vattenmelon is \/ blandade b\u00e4r:<\/strong> Svalkande vattenmelon med fruktig punch \ud83c\udf49\ud83c\udf53<\/li>\n<li><strong>Jordgubbsbanan \/ Love 66 (Passion Fruit Melon Ice):<\/strong> Kr\u00e4mig banan-jordgubbe med exotisk twist \ud83c\udf4c\ud83c\udf48<\/li>\n<li><strong>Drakfrukt Banan K\u00f6rsb\u00e4r \/ Rosa Lemonad:<\/strong> Tropisk och citrusf\u00f6rfriskning \ud83c\udf52\ud83c\udf79<\/li>\n<li><strong>Persika Mango \/ K\u00f6rsb\u00e4r Cola:<\/strong> Fruktig l\u00e4skinspirerad mix \ud83e\udd6d\ud83e\udd64<\/li>\n<li><strong>Jordgubbis \/ Mango P\u00e5 Is:<\/strong> S\u00f6t jordgubb m\u00f6ter isig mango \ud83c\udf53\u2744\ufe0f<\/li>\n<li><strong>Bl\u00e5 Razz Is \/ Drake Frukt Is:<\/strong> Tangy blue razz med exotisk drakfrukt \u2744\ufe0f\ud83d\udc09<\/li>\n<li><strong>Jordgubbe Red Bull \/ K\u00f6rsb\u00e4r Is:<\/strong> S\u00f6t jordgubbsenergifusion med coola k\u00f6rsb\u00e4r \ud83c\udf53\u26a1\ud83c\udf52<\/li>\n<\/ul>\n<h3>Perfekt f\u00f6r tunga anv\u00e4ndare och grossistk\u00f6pare<\/h3>\n<p>Uwin Crystal Twins 40K \u00e4r byggd f\u00f6r seri\u00f6sa vapers som vill ha stora bloss, stark smak och flexibilitet. Med dubbla smaker, smart display och laddningsbar bekv\u00e4mlighet \u00e4r den perfekt f\u00f6r tunga anv\u00e4ndare, smakf\u00f6rf\u00f6ljare, vapebutiker och bulkdistribut\u00f6rer. \ud83c\udfec<\/p>\n<h3>Vanliga fr\u00e5gor<\/h3>\n<ul>\n<li><strong>Hur m\u00e5nga bloss ger den?<\/strong><br \/>\nUpp till 40 000 bloss per enhet, varar i veckor beroende p\u00e5 anv\u00e4ndning.<\/li>\n<li><strong>Har den st\u00f6d f\u00f6r uppladdning?<\/strong><br \/>\nJa! Den levereras med ett 850mAh batteri och Type-C snabbladdning.<\/li>\n<li><strong>Vilka nikotinstyrkor finns tillg\u00e4ngliga?<\/strong><br \/>\nV\u00e4lj mellan 0 %, 2 %, 3 % eller 5 % nikotinniv\u00e5er.<\/li>\n<li><strong>Hur fungerar smakerna?<\/strong><br \/>\nVarje enhet har kapslar med dubbla smaker, s\u00e5 att du kan byta smak direkt utan att beh\u00f6va en ny enhet.<\/li>\n<li><strong>\u00c4r det bra f\u00f6r grossisthandel?<\/strong><br \/>\nJa, Crystal Twins 40K \u00e4r designad f\u00f6r bulkdistribution, vilket g\u00f6r den idealisk f\u00f6r vapebutiker och distribut\u00f6rer \u00f6ver hela v\u00e4rlden.<\/li>\n<\/ul>\n","protected":false},"excerpt":{"rendered":"<p data-start=\"212\" data-end=\"391\">Uwin Crystal Twins 40K ger upp till 40 000 bloss med ett podsystem med dubbla smaker, vilket ger vapers kraften att byta smak n\u00e4r som helst. \ud83d\ude80 Perfekt f\u00f6r smak\u00e4lskare, storanv\u00e4ndare och grossistk\u00f6pare som letar efter en f\u00f6rstklassig eng\u00e5ngsvape.<\/p>\n","protected":false},"featured_media":3898,"comment_status":"open","ping_status":"closed","template":"","meta":[],"product_brand":[],"product_cat":[384],"product_tag":[],"class_list":{"0":"post-47918","1":"product","2":"type-product","3":"status-publish","4":"has-post-thumbnail","6":"product_cat-uwin","8":"first","9":"instock","10":"shipping-taxable","11":"purchasable","12":"product-type-variable","13":"has-default-attributes"},"tiered_pricing_type":"fixed","tiered_pricing_fixed_rules":{"30":6.96999999999999975131004248396493494510650634765625,"50":5.589999999999999857891452847979962825775146484375,"100":5.339999999999999857891452847979962825775146484375,"200":4.96999999999999975131004248396493494510650634765625,"400":4.4199999999999999289457264239899814128875732421875},"tiered_pricing_product_settings":{"layout":"default","base_unit_name":{"singular":null,"plural":null},"default_variation":null},"tiered_pricing_minimum_quantity":10,"tiered_pricing_roles_data":[],"tiered_pricing_percentage_rules":[],"tiered_pricing_maximum_quantity":null,"tiered_pricing_quantity_step":"10","_links":{"self":[{"href":"https:\/\/stage.jrfer.com\/sv\/wp-json\/wp\/v2\/product\/47918","targetHints":{"allow":["GET"]}}],"collection":[{"href":"https:\/\/stage.jrfer.com\/sv\/wp-json\/wp\/v2\/product"}],"about":[{"href":"https:\/\/stage.jrfer.com\/sv\/wp-json\/wp\/v2\/types\/product"}],"replies":[{"embeddable":true,"href":"https:\/\/stage.jrfer.com\/sv\/wp-json\/wp\/v2\/comments?post=47918"}],"wp:featuredmedia":[{"embeddable":true,"href":"https:\/\/stage.jrfer.com\/sv\/wp-json\/wp\/v2\/media\/3898"}],"wp:attachment":[{"href":"https:\/\/stage.jrfer.com\/sv\/wp-json\/wp\/v2\/media?parent=47918"}],"wp:term":[{"taxonomy":"product_brand","embeddable":true,"href":"https:\/\/stage.jrfer.com\/sv\/wp-json\/wp\/v2\/product_brand?post=47918"},{"taxonomy":"product_cat","embeddable":true,"href":"https:\/\/stage.jrfer.com\/sv\/wp-json\/wp\/v2\/product_cat?post=47918"},{"taxonomy":"product_tag","embeddable":true,"href":"https:\/\/stage.jrfer.com\/sv\/wp-json\/wp\/v2\/product_tag?post=47918"}],"curies":[{"name":"wp","href":"https:\/\/api.w.org\/{rel}","templated":true}]}}