{"id":49656,"date":"2025-06-28T05:36:53","date_gmt":"2025-06-28T05:36:53","guid":{"rendered":"https:\/\/stage.jrfer.com\/product\/waspe-crystal-40k-double-flavour-40000-puffar-bulk-engangsvape-med-dubbla-mesh-spolar\/"},"modified":"2026-04-07T14:39:48","modified_gmt":"2026-04-07T14:39:48","slug":"waspe-crystal-40k-40000-puffs","status":"publish","type":"product","link":"https:\/\/stage.jrfer.com\/sv\/produkt\/waspe-crystal-40k-40000-puffs\/","title":{"rendered":"WASPE Crystal 40K Double Flavour 40000 Puffar | bulk eng\u00e5ngsvape med dubbla mesh-spolar"},"content":{"rendered":"<h2>Varf\u00f6r v\u00e4lja WASPE Crystal 40K?<\/h2>\n<ul>\n<li><strong>Massivt antal bloss:<\/strong> Upp till 40 000 bloss f\u00f6r l\u00e5ngvarig njutning \ud83d\udd25<\/li>\n<li><strong>Kombo med dubbla smaker:<\/strong> 2 smaker i 1 enhet f\u00f6r variation med varje puff \ud83c\udf53\ud83c\udf47<\/li>\n<li><strong>Enorm E-v\u00e4tsketank:<\/strong> 32 ml kapacitet h\u00e5ller dig att vaping l\u00e4ngre \ud83d\udca7<\/li>\n<li><strong>Dual Mesh Coils:<\/strong> 0,9\u03a9 + 0,9\u03a9 Coils ger mjuk \u00e5nga och fyllig smak \ud83c\udf2c\ufe0f<\/li>\n<li><strong>Nikotinalternativ:<\/strong> 0 %, 2 % eller 5 % nikotin f\u00f6r att passa alla \u00f6nskem\u00e5l \u2705<\/li>\n<li><strong>Uppladdningsbart:<\/strong> 850mAh batteri med Type-C snabbladdning \u26a1<\/li>\n<li><strong>Premiumdesign:<\/strong> Snyggt kristallutseende, h\u00e5llbart och l\u00e4tt att b\u00e4ra \u2728<\/li>\n<li><strong>B2B-v\u00e4nlig:<\/strong> Perfekt f\u00f6r bulkbest\u00e4llningar, grossist- och \u00e5terf\u00f6rs\u00e4ljning av vapebutiker \ud83d\udce6<\/li>\n<\/ul>\n<h3>Specifikationer<\/h3>\n<tbody>\n<tr>\n<td><strong>Puff Count:<\/strong><\/td>\n<td>Upp till 40 000 bloss<\/td>\n<\/tr>\n<tr>\n<td><strong>E-v\u00e4tskekapacitet:<\/strong><\/td>\n<td>32 ml<\/td>\n<\/tr>\n<tr>\n<td><strong>Batteri:<\/strong><\/td>\n<td>850mAh uppladdningsbar<\/td>\n<\/tr>\n<tr>\n<td><strong>Spolar:<\/strong><\/td>\n<td>Dubbla mesh-spolar (0,9\u03a9 + 0,9\u03a9)<\/td>\n<\/tr>\n<tr>\n<td><strong>Nikotinstyrkor:<\/strong><\/td>\n<td>0 %, 2 %, 5 %<\/td>\n<\/tr>\n<tr>\n<td><strong>Laddning:<\/strong><\/td>\n<td>Snabbladdning av typ C<\/td>\n<\/tr>\n<tr>\n<td><strong>Specialfunktion:<\/strong><\/td>\n<td>Dubbla smakkombinationer i en enhet<\/td>\n<\/tr>\n<\/tbody>\n<\/table>\n<h3>Smakkombinationer<\/h3>\n<p><strong>WASPE Crystal 40K<\/strong> introducerar <strong>12+ sp\u00e4nnande dubbelsmaksfusioner<\/strong> f\u00f6r att underh\u00e5lla dina smakl\u00f6kar \ud83c\udf89:<\/p>\n<ul>\n<li><strong>Watermelon Ice &amp; Lemon Lime<\/strong> \u2013 Uppfriskande, s\u00f6t och syrlig \ud83c\udf49\ud83c\udf4b<\/li>\n<li><strong>Red Bull Ice &amp; Strawberry Mango<\/strong> \u2013 Energiinspirerad med tropisk s\u00f6tma \u26a1\ud83c\udf53\ud83e\udd6d<\/li>\n<li><strong>Strawberry Red Bull &amp; Blueberry Cherry<\/strong> \u2013 Dj\u00e4rv och fruktig mix \ud83d\udca5\ud83e\uded0\ud83c\udf52<\/li>\n<li><strong>Bl\u00e5b\u00e4rsgodis &amp; jordgubbsvattenmelon<\/strong> \u2013 Godis-s\u00f6t och saftig \ud83c\udf6d\ud83c\udf53\ud83c\udf49<\/li>\n<li><strong>Jordgubbskiwi och jordgubbsk\u00f6rsb\u00e4r<\/strong> \u2013 Dubbel b\u00e4rgl\u00e4dje \ud83c\udf53\ud83e\udd5d\ud83c\udf52<\/li>\n<li><strong>Bl\u00e5b\u00e4rshallon &amp; persikab\u00e4ris<\/strong> \u2013 S\u00f6t med en cool finish \ud83e\uded0\ud83c\udf51\u2744\ufe0f<\/li>\n<li><strong>Strawberry Raspberry Cherry &amp; Love 666<\/strong> \u2013 Exotisk shisha-inspirerad blandning \u2764\ufe0f\ud83c\udf52<\/li>\n<li><strong>Peach Ice &amp; Watermelon Mango Peach<\/strong> \u2013 Tropisk kyla med fruktig rikedom \ud83c\udf51\ud83c\udf49\ud83e\udd6d<\/li>\n<li><strong>Jordgubbsbanan &amp; ananas kokosglass<\/strong> \u2013 len, kr\u00e4mig tropisk blandning \ud83c\udf53\ud83c\udf4c\ud83e\udd65<\/li>\n<li><strong>Grape Ice &amp; Black Dragon Ice<\/strong> \u2013 Dj\u00e4rv, cool och kraftfull \ud83c\udf47\ud83d\udc09\u2744\ufe0f<\/li>\n<li><strong>Blandade b\u00e4r och hallonlemonad<\/strong> \u2013 S\u00f6t syrlig f\u00f6rfriskning \ud83c\udf53\ud83c\udf4b<\/li>\n<li><strong>Blueberry Ice &amp; Cherry Cola Ice<\/strong> \u2013 Kolsyrat, coolt och roligt \ud83e\uded0\ud83e\udd64\ud83c\udf52<\/li>\n<\/ul>\n<h3>Perfekt f\u00f6r tunga anv\u00e4ndare och grossistk\u00f6pare<\/h3>\n<p><strong>WASPE Crystal 40K<\/strong> \u00e4r byggd f\u00f6r <strong>tunga anv\u00e4ndare, smakjagare, vapebutiker och distribut\u00f6rer<\/strong>. Dess <strong>massiva puff-antal, laddningsbara design och smakfyllda kombinationer<\/strong> g\u00f6r den till ett toppval f\u00f6r <strong>B2B-f\u00f6rs\u00e4ljning och detaljhandelshyllor<\/strong> i Europa och utanf\u00f6r.<\/p>\n<h3>Vanliga fr\u00e5gor<\/h3>\n<ul>\n<li><strong>Hur m\u00e5nga smaker ing\u00e5r?<\/strong><br \/>\nVarje enhet har 2 inbyggda smaker, med 12+ kombinationer tillg\u00e4ngliga.<\/li>\n<li><strong>\u00c4r den uppladdningsbar?<\/strong><br \/>\nJa, den kommer med ett 850mAh batteri och Type-C snabbladdning.<\/li>\n<li><strong>Vilka nikotinstyrkor finns tillg\u00e4ngliga?<\/strong><br \/>\nV\u00e4lj mellan 0 % (nikotinfritt), 2 % eller 5 % nikotin.<\/li>\n<li><strong>Hur \u00e4r det j\u00e4mf\u00f6rt med vanliga eng\u00e5ngsartiklar?<\/strong><br \/>\nDen h\u00e5ller mycket l\u00e4ngre med 40 000 bloss och erbjuder unika kombinationer med dubbla smaker.<\/li>\n<li><strong>Vem ska k\u00f6pa detta?<\/strong><br \/>\nPerfekt f\u00f6r <strong>grossister, \u00e5terf\u00f6rs\u00e4ljare, shishalounger och tunga vapers<\/strong> som vill ha f\u00f6rstklassig eng\u00e5ngsprestanda.<\/li>\n<\/ul>\n","protected":false},"excerpt":{"rendered":"<p><strong>WASPE Crystal 40K<\/strong> \ud83d\udc8e \u00e4r en n\u00e4sta niv\u00e5 <strong>40 000 puff eng\u00e5ngsvape<\/strong> med <strong>dubbla smakkombinationer<\/strong>, <strong>32 ml e-v\u00e4tska<\/strong> och <strong>dubbla mesh-spolar<\/strong>. Byggd f\u00f6r prestanda, tillfredsst\u00e4llelse och bulkdistribution, den \u00e4r perfekt f\u00f6r vapebutiker, grossister och tunga anv\u00e4ndare.<\/p>\n","protected":false},"featured_media":702,"comment_status":"open","ping_status":"closed","template":"","meta":[],"product_brand":[],"product_cat":[397],"product_tag":[],"class_list":{"0":"post-49656","1":"product","2":"type-product","3":"status-publish","4":"has-post-thumbnail","6":"product_cat-waspe","8":"first","9":"instock","10":"shipping-taxable","11":"purchasable","12":"product-type-variable","13":"has-default-attributes"},"tiered_pricing_type":"fixed","tiered_pricing_fixed_rules":{"30":6.96999999999999975131004248396493494510650634765625,"50":5.589999999999999857891452847979962825775146484375,"100":5.339999999999999857891452847979962825775146484375,"200":4.96999999999999975131004248396493494510650634765625,"400":4.4199999999999999289457264239899814128875732421875},"tiered_pricing_product_settings":{"layout":"default","base_unit_name":{"singular":null,"plural":null},"default_variation":null},"tiered_pricing_minimum_quantity":10,"tiered_pricing_roles_data":[],"tiered_pricing_percentage_rules":[],"tiered_pricing_maximum_quantity":null,"tiered_pricing_quantity_step":"10","_links":{"self":[{"href":"https:\/\/stage.jrfer.com\/sv\/wp-json\/wp\/v2\/product\/49656","targetHints":{"allow":["GET"]}}],"collection":[{"href":"https:\/\/stage.jrfer.com\/sv\/wp-json\/wp\/v2\/product"}],"about":[{"href":"https:\/\/stage.jrfer.com\/sv\/wp-json\/wp\/v2\/types\/product"}],"replies":[{"embeddable":true,"href":"https:\/\/stage.jrfer.com\/sv\/wp-json\/wp\/v2\/comments?post=49656"}],"wp:featuredmedia":[{"embeddable":true,"href":"https:\/\/stage.jrfer.com\/sv\/wp-json\/wp\/v2\/media\/702"}],"wp:attachment":[{"href":"https:\/\/stage.jrfer.com\/sv\/wp-json\/wp\/v2\/media?parent=49656"}],"wp:term":[{"taxonomy":"product_brand","embeddable":true,"href":"https:\/\/stage.jrfer.com\/sv\/wp-json\/wp\/v2\/product_brand?post=49656"},{"taxonomy":"product_cat","embeddable":true,"href":"https:\/\/stage.jrfer.com\/sv\/wp-json\/wp\/v2\/product_cat?post=49656"},{"taxonomy":"product_tag","embeddable":true,"href":"https:\/\/stage.jrfer.com\/sv\/wp-json\/wp\/v2\/product_tag?post=49656"}],"curies":[{"name":"wp","href":"https:\/\/api.w.org\/{rel}","templated":true}]}}