{"id":54144,"date":"2025-06-28T04:29:19","date_gmt":"2025-06-28T04:29:19","guid":{"rendered":"https:\/\/stage.jrfer.com\/product\/bang-blaze-40k-dual-flavor-40000-puffar-slide-to-switch-bulk-engangsvape\/"},"modified":"2026-04-07T14:59:06","modified_gmt":"2026-04-07T14:59:06","slug":"bang-blaze-40k-40000-puffs","status":"publish","type":"product","link":"https:\/\/stage.jrfer.com\/sv\/produkt\/bang-blaze-40k-40000-puffs\/","title":{"rendered":"Bang Blaze 40K Dual Flavor 40000 Puffar | slide-to-switch bulk eng\u00e5ngsvape"},"content":{"rendered":"<h2>Varf\u00f6r v\u00e4lja Bang Blaze 40K?<\/h2>\n<ul>\n<li><strong>Massivt blossantal:<\/strong> Upp till 40 000 bloss f\u00f6r veckor av oavbruten vaping \ud83d\ude80<\/li>\n<li><strong>Dual Flavor Switch:<\/strong> Skjut f\u00f6r att byta mellan tv\u00e5 smaker direkt \ud83c\udf49\ud83c\udf47<\/li>\n<li><strong>Big Tank:<\/strong> 40 ml f\u00f6rfylld e-v\u00e4tska f\u00f6r maximal bekv\u00e4mlighet \ud83d\udca7<\/li>\n<li><strong>Nikotinalternativ:<\/strong> V\u00e4lj mellan 0 %, 2 %, 3 % eller 5 % f\u00f6r flexibilitet \u2705<\/li>\n<li><strong>Dual Mesh Coil:<\/strong> Sl\u00e4ta tr\u00e4ffar, dj\u00e4rva smaker och tjocka moln \ud83c\udf2c\ufe0f<\/li>\n<li><strong>Uppladdningsbar str\u00f6m:<\/strong> 650 mAh batteri med Type-C snabbladdning \u26a1<\/li>\n<li><strong>Perfekt f\u00f6r B2B:<\/strong> Stor efterfr\u00e5gan bulkprodukt f\u00f6r grossister och \u00e5terf\u00f6rs\u00e4ljare \ud83d\udce6<\/li>\n<\/ul>\n<h3>Specifikationer<\/h3>\n<tbody>\n<tr>\n<td><strong>Puff Count:<\/strong><\/td>\n<td>Upp till 40 000 bloss<\/td>\n<\/tr>\n<tr>\n<td><strong>E-v\u00e4tskekapacitet:<\/strong><\/td>\n<td>40 ml f\u00f6rfylld<\/td>\n<\/tr>\n<tr>\n<td><strong>Batteri:<\/strong><\/td>\n<td>650mAh uppladdningsbar<\/td>\n<\/tr>\n<tr>\n<td><strong>Nikotinstyrkor:<\/strong><\/td>\n<td>0 %, 2 %, 3 %, 5 %<\/td>\n<\/tr>\n<tr>\n<td><strong>Spoltyp:<\/strong><\/td>\n<td>Dubbeln\u00e4tspole (1,2\u03a9)<\/td>\n<\/tr>\n<tr>\n<td><strong>Laddning:<\/strong><\/td>\n<td>Snabbladdning av typ C<\/td>\n<\/tr>\n<tr>\n<td><strong>Specialfunktion:<\/strong><\/td>\n<td>Slide-to-switch med dubbla smaker<\/td>\n<\/tr>\n<\/tbody>\n<\/table>\n<h3>Smakkombinationer<\/h3>\n<p><strong>Bang Blaze 40K<\/strong> erbjuder <strong>30 sp\u00e4nnande alternativ med dubbla smaker<\/strong> s\u00e5 att du aldrig blir uttr\u00e5kad \ud83c\udf89:<\/p>\n<ul>\n<li><strong>Vattenmelon \/ Jordgubbsvattenmelon<\/strong> \u2013 Saftig och uppfriskande \ud83c\udf49\ud83c\udf53<\/li>\n<li><strong>Bl\u00e5b\u00e4ris \/ Bl\u00e5b\u00e4rshallon<\/strong> \u2013 Cool b\u00e4rblast \ud83e\uded0\u2744\ufe0f<\/li>\n<li><strong>Mango is \/ Jordgubbsmango<\/strong> \u2013 Tropisk s\u00f6tma \ud83e\udd6d\ud83c\udf53<\/li>\n<li><strong>Vattenmelon \/ Vattenmelon Bubblegum<\/strong> \u2013 Klassiskt fruktigt godis \ud83c\udf49\ud83c\udf6c<\/li>\n<li><strong>Ananas Is \/ Ananas Kokos<\/strong> \u2013 Exotiskt och smidigt \ud83c\udf4d\ud83e\udd65<\/li>\n<li><strong>Blandfrukt \/ Trippelb\u00e4r<\/strong> \u2013 Juicy fruktmedley \ud83c\udf47\ud83c\udf53<\/li>\n<li><strong>Persika Is \/ Mango Persika<\/strong> \u2013 S\u00f6t och kyld \ud83c\udf51\u2744\ufe0f<\/li>\n<li><strong>K\u00f6rsb\u00e4r \/ K\u00f6rsb\u00e4rscola<\/strong> \u2013 Dj\u00e4rvt och kolsyrat \ud83c\udf52\ud83e\udd64<\/li>\n<li><strong>Druva \/ bl\u00e5b\u00e4rsdruva<\/strong> \u2013 Dj\u00e4rv druvfusion \ud83c\udf47\ud83e\uded0<\/li>\n<li><strong>Mynta \/ Bl\u00e5b\u00e4rsMynta<\/strong> \u2013 Cool och uppfriskande \ud83c\udf3f\ud83e\uded0<\/li>\n<li><strong>Svart Drake Is \/ Red Bull<\/strong> \u2013 Intensiv och energigivande \ud83d\udc09\u26a1<\/li>\n<li><strong>Jordgubbis \/ Jordgubbskiwi<\/strong> \u2013 Fruktig b\u00e4rgl\u00e4dje \ud83c\udf53\ud83e\udd5d<\/li>\n<li><strong>Tropiska frukter \/ Trippel vattenmelon<\/strong> \u2013 Saftigt paradis \ud83c\udfdd\ufe0f\ud83c\udf49<\/li>\n<li><strong>Sur mango-ananas\/citronlime<\/strong> \u2013 syrlig och saftig \ud83e\udd6d\ud83c\udf4b<\/li>\n<li><strong>Sommartid \/ \u00c4ppelis<\/strong> \u2013 Skarp och uppfriskande \ud83c\udf4e\u2744\ufe0f<\/li>\n<li><strong>Regnb\u00e5gsgodis \/ Arktis Frysning<\/strong> \u2013 S\u00f6t och isig \ud83c\udf08\u2744\ufe0f<\/li>\n<li><strong>Hallonvattenmelon \/ Jieshuang<\/strong> \u2013 Exotiskt och uppfriskande \ud83c\udf53\ud83c\udf49<\/li>\n<li><strong>Citronromantik \/ Kalifornien k\u00f6rsb\u00e4r<\/strong> \u2013 S\u00f6t citrusk\u00e4rlek \ud83c\udf4b\ud83c\udf52<\/li>\n<li><strong>Mango persika aprikos\/vit gummi<\/strong> \u2013 fruktig godislycka \ud83c\udf51\ud83c\udf6c<\/li>\n<li><strong>Marias dr\u00f6m \/ Aloe Mango Melon Is<\/strong> \u2013 Smidig och svalkande \ud83c\udf48\ud83e\udd6d<\/li>\n<li><strong>Kiwi Passionsfrukt Guava \/ Bl\u00e5b\u00e4r K\u00f6rsb\u00e4r<\/strong> \u2013 Exotisk tropisk fusion \ud83e\udd5d\ud83c\udf52<\/li>\n<li><strong>Ananas Mango \/ Ananas Kokos Is<\/strong> \u2013 Dubbel tropisk explosion \ud83c\udf4d\ud83e\udd6d<\/li>\n<li><strong>Hallonvattenmelon \/ Aloe Vera druva<\/strong> \u2013 S\u00f6t och uppfriskande \ud83e\uded0\ud83c\udf47<\/li>\n<li><strong>Litchi is \/ Jordgubbslychee<\/strong> \u2013 Exotisk s\u00f6tma \ud83c\udf38\ud83c\udf53<\/li>\n<li><strong>Strandsex \/ Hallon vattenmelon<\/strong> \u2013 Roliga och fruktiga strandvibbar \ud83c\udfd6\ufe0f\ud83c\udf49<\/li>\n<li><strong>Klibbig Bj\u00f6rn \/ Hallonsvart glitter<\/strong> \u2013 Godisliknande fr\u00f6jd \ud83c\udf6c\ud83e\uded0<\/li>\n<li><strong>B\u00e4r Sval Vattenmelon \/ sur persika<\/strong> \u2013 s\u00f6t och syrlig \ud83c\udf53\ud83c\udf51<\/li>\n<li><strong>Jordgubbsbanan\/Passionsfrukt Kiwi<\/strong> \u2013 smidig tropisk blandning \ud83c\udf4c\ud83e\udd5d<\/li>\n<li><strong>Acai Storm Is \/ K\u00e4rlek 66<\/strong> \u2013 Dj\u00e4rvt exotiskt \u00e4ventyr \ud83c\udf2a\ufe0f\u2764\ufe0f<\/li>\n<li><strong>Rosa lemonad \/ bl\u00e5b\u00e4rsk\u00f6rsb\u00e4rscitron<\/strong> \u2013 saftig och fruktig \ud83c\udf4b\ud83e\uded0<\/li>\n<li><strong>Jordgubbsglass \/ Jordgubbsvanilj<\/strong> \u2013 Kr\u00e4mig s\u00f6t \ud83c\udf66\ud83c\udf53<\/li>\n<li><strong>Bl\u00e5b\u00e4r Tranb\u00e4rsk\u00f6rsb\u00e4r \/ Vattenmelonk\u00f6rsb\u00e4r<\/strong> \u2013 B\u00e4rk\u00f6rsb\u00e4rsexplosion \ud83c\udf52\ud83e\uded0<\/li>\n<\/ul>\n<h3>Perfekt f\u00f6r tunga anv\u00e4ndare och grossistk\u00f6pare<\/h3>\n<p><strong>Bang Blaze 40K<\/strong> \u00e4r gjord f\u00f6r <strong>tunga vapers, smak\u00e4lskare och B2B-distribution<\/strong>. Med <strong>dubbla smaker, enormt antal bloss och uppladdningsbar bekv\u00e4mlighet<\/strong> \u00e4r det en h\u00f6g efterfr\u00e5gan produkt som maximerar b\u00e5de tillfredsst\u00e4llelse och detaljhandelsvinster.<\/p>\n<h3>Vanliga fr\u00e5gor<\/h3>\n<ul>\n<li><strong>Hur m\u00e5nga smaker per enhet?<\/strong><br \/>\nVarje enhet kommer med 2 smaker som du kan v\u00e4xla mellan.<\/li>\n<li><strong>\u00c4r den uppladdningsbar?<\/strong><br \/>\nJa, med ett 650mAh-batteri och Type-C-laddning.<\/li>\n<li><strong>Vilka nikotinniv\u00e5er finns tillg\u00e4ngliga?<\/strong><br \/>\n0 %, 2 %, 3 % och 5 % tillg\u00e4ngliga alternativ.<\/li>\n<li><strong>Beh\u00f6ver den fyllas p\u00e5?<\/strong><br \/>\nInga p\u00e5fyllningar kr\u00e4vs \u2013 den levereras f\u00f6rfylld med 40 ml e-v\u00e4tska.<\/li>\n<li><strong>Vem ska k\u00f6pa den h\u00e4r produkten?<\/strong><br \/>\nPerfekt f\u00f6r <strong>vapebutiker, distribut\u00f6rer och tunga anv\u00e4ndare<\/strong> som vill ha l\u00e5ngvarig tillfredsst\u00e4llelse.<\/li>\n<\/ul>\n","protected":false},"excerpt":{"rendered":"<p><strong>Bang Blaze 40K<\/strong> \u26a1 \u00e4r en premium <strong>eng\u00e5ngsvape med dubbla smaker<\/strong> som erbjuder upp till <strong>40 000 puffar<\/strong>, en enorm <strong>40 ml-tank<\/strong> och ett sl\u00e4tt spolsystem med dubbla mesh-n\u00e4t. Designad f\u00f6r smakvariation, l\u00e5ngvariga sessioner och grossistdistribution, den \u00e4r perfekt f\u00f6r vapebutiker, distribut\u00f6rer och tunga vapers.<\/p>\n","protected":false},"featured_media":531,"comment_status":"open","ping_status":"closed","template":"","meta":[],"product_brand":[],"product_cat":[350],"product_tag":[],"class_list":{"0":"post-54144","1":"product","2":"type-product","3":"status-publish","4":"has-post-thumbnail","6":"product_cat-bang","8":"first","9":"instock","10":"shipping-taxable","11":"purchasable","12":"product-type-variable","13":"has-default-attributes"},"tiered_pricing_type":"fixed","tiered_pricing_fixed_rules":{"30":6.79000000000000003552713678800500929355621337890625,"50":5.67999999999999971578290569595992565155029296875,"100":4.80999999999999960920149533194489777088165283203125,"200":4.44000000000000039079850466805510222911834716796875,"400":3.890000000000000124344978758017532527446746826171875},"tiered_pricing_product_settings":{"layout":"default","base_unit_name":{"singular":null,"plural":null},"default_variation":null},"tiered_pricing_minimum_quantity":10,"tiered_pricing_roles_data":[],"tiered_pricing_percentage_rules":[],"tiered_pricing_maximum_quantity":null,"tiered_pricing_quantity_step":"10","_links":{"self":[{"href":"https:\/\/stage.jrfer.com\/sv\/wp-json\/wp\/v2\/product\/54144","targetHints":{"allow":["GET"]}}],"collection":[{"href":"https:\/\/stage.jrfer.com\/sv\/wp-json\/wp\/v2\/product"}],"about":[{"href":"https:\/\/stage.jrfer.com\/sv\/wp-json\/wp\/v2\/types\/product"}],"replies":[{"embeddable":true,"href":"https:\/\/stage.jrfer.com\/sv\/wp-json\/wp\/v2\/comments?post=54144"}],"wp:featuredmedia":[{"embeddable":true,"href":"https:\/\/stage.jrfer.com\/sv\/wp-json\/wp\/v2\/media\/531"}],"wp:attachment":[{"href":"https:\/\/stage.jrfer.com\/sv\/wp-json\/wp\/v2\/media?parent=54144"}],"wp:term":[{"taxonomy":"product_brand","embeddable":true,"href":"https:\/\/stage.jrfer.com\/sv\/wp-json\/wp\/v2\/product_brand?post=54144"},{"taxonomy":"product_cat","embeddable":true,"href":"https:\/\/stage.jrfer.com\/sv\/wp-json\/wp\/v2\/product_cat?post=54144"},{"taxonomy":"product_tag","embeddable":true,"href":"https:\/\/stage.jrfer.com\/sv\/wp-json\/wp\/v2\/product_tag?post=54144"}],"curies":[{"name":"wp","href":"https:\/\/api.w.org\/{rel}","templated":true}]}}