{"id":55260,"date":"2025-06-28T04:24:43","date_gmt":"2025-06-28T04:24:43","guid":{"rendered":"https:\/\/stage.jrfer.com\/product\/bang-leader-80k-3-i-1-80000-puffar-trippelsmak-bulk-engangsvape\/"},"modified":"2026-04-07T15:04:37","modified_gmt":"2026-04-07T15:04:37","slug":"bang-leader-80k-puffs","status":"publish","type":"product","link":"https:\/\/stage.jrfer.com\/sv\/produkt\/bang-leader-80k-puffs\/","title":{"rendered":"Bang Leader 80K 3-i-1 80000 puffar | trippelsmak bulk eng\u00e5ngsvape"},"content":{"rendered":"<h2>Varf\u00f6r v\u00e4lja Bang Leader 80K?<\/h2>\n<ul>\n<li><strong>Triple Flavor System:<\/strong> V\u00e4xla direkt mellan 3 inbyggda smaker i en enhet \ud83c\udf49\ud83e\udd6d\ud83c\udf4c<\/li>\n<li><strong>Ultra-h\u00f6gt bloss:<\/strong> Upp till 80 000 bloss f\u00f6r o\u00f6vertr\u00e4ffad livsl\u00e4ngd \ud83d\ude80<\/li>\n<li><strong>Nikotinalternativ:<\/strong> 0 %, 2 %, 3 % eller 5 % \u2013 tillgodoses efter alla preferenser \u2705<\/li>\n<li><strong>Dual Mesh Coil:<\/strong> Rikare smak, mjukare \u00e5nga och snabbare uppv\u00e4rmning \ud83c\udf2c\ufe0f<\/li>\n<li><strong>Uppladdningsbar str\u00f6m:<\/strong> 850mAh batteri med Type-C snabbladdning \u26a1<\/li>\n<li><strong>Grossf\u00f6rberedd:<\/strong> Varje l\u00e5da inneh\u00e5ller 10 enheter \u2013 perfekt f\u00f6r \u00e5terf\u00f6rs\u00e4ljare \ud83d\udce6<\/li>\n<\/ul>\n<h3>Specifikationer<\/h3>\n<tbody>\n<tr>\n<td><strong>Puff Count:<\/strong><\/td>\n<td>Upp till 80 000 bloss<\/td>\n<\/tr>\n<tr>\n<td><strong>Smaksystem:<\/strong><\/td>\n<td>3-i-1 trippelsmakbyte<\/td>\n<\/tr>\n<tr>\n<td><strong>Nikotinstyrkor:<\/strong><\/td>\n<td>0 %, 2 %, 3 %, 5 %<\/td>\n<\/tr>\n<tr>\n<td><strong>Spole:<\/strong><\/td>\n<td>Spole med dubbla n\u00e4t<\/td>\n<\/tr>\n<tr>\n<td><strong>Batteri:<\/strong><\/td>\n<td>850mAh uppladdningsbar<\/td>\n<\/tr>\n<tr>\n<td><strong>Laddning:<\/strong><\/td>\n<td>Snabbladdning av typ C<\/td>\n<\/tr>\n<tr>\n<td><strong>L\u00e5df\u00f6rpackning:<\/strong><\/td>\n<td>10 enheter per l\u00e5da (B2B-v\u00e4nlig)<\/td>\n<\/tr>\n<\/tbody>\n<\/table>\n<h3>Smakupplevelse<\/h3>\n<p>Med <strong>Bang Leader 80K<\/strong> f\u00e5r du <strong>3 smaker i varje enhet<\/strong>\u2014en perfekt mix f\u00f6r o\u00e4ndlig variation \ud83d\ude0d:<\/p>\n<ul>\n<li><strong>Watermelon Ice + Strawberry Mango + Banan<\/strong> \u2013 En uppfriskande fruktig trio \ud83c\udf49\ud83c\udf53\ud83c\udf4c<\/li>\n<li><strong>Hallon Mojito Peach Ice + Jordgubbsvattenmelon + Kiwi Passionsfrukt Guava<\/strong> \u2013 Exotiskt och coolt \ud83e\udd5d\ud83c\udf51<\/li>\n<li><strong>Jordgubbsvattenmelon + druvis + regnb\u00e5gsgodis<\/strong> \u2013 s\u00f6t, isig och f\u00e4rgstark \ud83c\udf53\ud83c\udf6c<\/li>\n<li><strong>Cola Ice + Bl\u00e5b\u00e4r Hallon + Persika Mango Vattenmelon<\/strong> \u2013 Kolsyrad, syrlig och tropisk \ud83e\udd64\ud83c\udf47<\/li>\n<li><strong>Bl\u00e5b\u00e4rsvattenmelon + jordgubbsmango + svarta vinb\u00e4r<\/strong> \u2013 En dj\u00e4rv fruktexplosion \ud83e\uded0\ud83c\udf49<\/li>\n<li><strong>Bl\u00e5b\u00e4ris + Black Dragon Ice + Mango Peach<\/strong> \u2013 Isig och kraftfull \ud83d\udc09\ud83e\udd6d<\/li>\n<li><strong>Bl\u00e5b\u00e4rsis + Jordgubbsbanan + Blandade b\u00e4r<\/strong> \u2013 Kr\u00e4mig och fruktig blandning \ud83c\udf4c\ud83e\uded0<\/li>\n<li><strong>Red Bull + Blueberry Watermelon + Apple Pear<\/strong> \u2013 Energiboost med fruktig kick \u26a1\ud83c\udf4f<\/li>\n<li><strong>Red Bull + Watermelon Bubble Candy + Strawberry Ice Cream<\/strong> \u2013 Roligt och efterr\u00e4ttslikt \ud83c\udf6c\ud83c\udf66<\/li>\n<li><strong>Strawberry Kiwi + Peach Ice + Cherry Cola<\/strong> \u2013 S\u00f6t, syrlig och kolsyrad \ud83c\udf52\ud83e\udd64<\/li>\n<li><strong>Kiwi Guava + Lychee Ice + Mango Persika Ananas<\/strong> \u2013 Exotiskt tropiskt paradis \ud83e\udd6d\ud83c\udf4d<\/li>\n<li><strong>Avocado Ice + Citron Lime + Watermelon Hallon<\/strong> \u2013 Unik, saftig och uppfriskande \ud83e\udd51\ud83c\udf4b<\/li>\n<\/ul>\n<h3>Perfekt f\u00f6r tunga anv\u00e4ndare och grossister<\/h3>\n<p><strong>Bang Leader 80K<\/strong> \u00e4r byggd f\u00f6r <strong>tunga vapers, smakentusiaster och bulkk\u00f6pare<\/strong>. Dess <strong>80 000 puffar, trippelsmaksystem och B2B-v\u00e4nliga f\u00f6rpackningar<\/strong> g\u00f6r den till ett m\u00e5ste f\u00f6r vapebutiker, distribut\u00f6rer och lounger som letar efter en efterfr\u00e5gad produkt.<\/p>\n<h3>Vanliga fr\u00e5gor<\/h3>\n<ul>\n<li><strong>Hur m\u00e5nga smaker finns det i varje enhet?<\/strong><br \/>\nVarje enhet kommer med 3 inbyggda smaker som du kan v\u00e4xla mellan.<\/li>\n<li><strong>\u00c4r den uppladdningsbar?<\/strong><br \/>\nJa, den inkluderar en Type-C-laddningsport med ett 850mAh-batteri.<\/li>\n<li><strong>Vilka nikotinniv\u00e5er finns tillg\u00e4ngliga?<\/strong><br \/>\nFinns i 0 %, 2 %, 3 % och 5 % f\u00f6r att passa olika anv\u00e4ndare.<\/li>\n<li><strong>Hur \u00e4r det f\u00f6rpackat?<\/strong><br \/>\nVarje grossistf\u00f6rpackning inneh\u00e5ller 10 enheter, perfekt f\u00f6r B2B-k\u00f6pare.<\/li>\n<li><strong>Vem ska k\u00f6pa den h\u00e4r produkten?<\/strong><br \/>\nPerfekt f\u00f6r <strong>tunga anv\u00e4ndare, smak\u00e4lskare, vapebutiker och distribut\u00f6rer<\/strong> som letar efter premium bulkalternativ.<\/li>\n<\/ul>\n","protected":false},"excerpt":{"rendered":"<p><strong>Bang Leader 80K<\/strong> \ud83d\udd25 omdefinierar eng\u00e5ngsvaping med <strong>3-i-1-smakv\u00e4xling<\/strong>, en massiv <strong>80 000 bloss<\/strong> och <strong>dual mesh coil-teknik<\/strong>. Designad f\u00f6r l\u00e5ngvarig njutning och grossistdistribution, det \u00e4r det perfekta valet f\u00f6r vapebutiker, distribut\u00f6rer och smakjagare.<\/p>\n","protected":false},"featured_media":818,"comment_status":"open","ping_status":"closed","template":"","meta":[],"product_brand":[],"product_cat":[350],"product_tag":[],"class_list":{"0":"post-55260","1":"product","2":"type-product","3":"status-publish","4":"has-post-thumbnail","6":"product_cat-bang","8":"first","9":"instock","10":"shipping-taxable","11":"purchasable","12":"product-type-variable","13":"has-default-attributes"},"tiered_pricing_type":"fixed","tiered_pricing_fixed_rules":{"30":7.4000000000000003552713678800500929355621337890625,"50":6.29000000000000003552713678800500929355621337890625,"100":5.42999999999999971578290569595992565155029296875,"200":5.05999999999999960920149533194489777088165283203125,"400":4.5},"tiered_pricing_product_settings":{"layout":"default","base_unit_name":{"singular":null,"plural":null},"default_variation":null},"tiered_pricing_minimum_quantity":10,"tiered_pricing_roles_data":[],"tiered_pricing_percentage_rules":[],"tiered_pricing_maximum_quantity":null,"tiered_pricing_quantity_step":"10","_links":{"self":[{"href":"https:\/\/stage.jrfer.com\/sv\/wp-json\/wp\/v2\/product\/55260","targetHints":{"allow":["GET"]}}],"collection":[{"href":"https:\/\/stage.jrfer.com\/sv\/wp-json\/wp\/v2\/product"}],"about":[{"href":"https:\/\/stage.jrfer.com\/sv\/wp-json\/wp\/v2\/types\/product"}],"replies":[{"embeddable":true,"href":"https:\/\/stage.jrfer.com\/sv\/wp-json\/wp\/v2\/comments?post=55260"}],"wp:featuredmedia":[{"embeddable":true,"href":"https:\/\/stage.jrfer.com\/sv\/wp-json\/wp\/v2\/media\/818"}],"wp:attachment":[{"href":"https:\/\/stage.jrfer.com\/sv\/wp-json\/wp\/v2\/media?parent=55260"}],"wp:term":[{"taxonomy":"product_brand","embeddable":true,"href":"https:\/\/stage.jrfer.com\/sv\/wp-json\/wp\/v2\/product_brand?post=55260"},{"taxonomy":"product_cat","embeddable":true,"href":"https:\/\/stage.jrfer.com\/sv\/wp-json\/wp\/v2\/product_cat?post=55260"},{"taxonomy":"product_tag","embeddable":true,"href":"https:\/\/stage.jrfer.com\/sv\/wp-json\/wp\/v2\/product_tag?post=55260"}],"curies":[{"name":"wp","href":"https:\/\/api.w.org\/{rel}","templated":true}]}}