{"id":57455,"date":"2025-06-28T04:16:25","date_gmt":"2025-06-28T04:16:25","guid":{"rendered":"https:\/\/stage.jrfer.com\/product\/fumot-randm-tornado-30k-30000-puffar-led-ljus-musik-vape-bulk-engangs\/"},"modified":"2026-04-07T15:08:44","modified_gmt":"2026-04-07T15:08:44","slug":"fumot-randm-tornado-30000-puffs","status":"publish","type":"product","link":"https:\/\/stage.jrfer.com\/sv\/produkt\/fumot-randm-tornado-30000-puffs\/","title":{"rendered":"Fumot RandM Tornado 30K 30000 Puffar | led ljus musik vape bulk eng\u00e5ngs"},"content":{"rendered":"<h2>Varf\u00f6r v\u00e4lja Fumot RandM Tornado 30K?<\/h2>\n<ul>\n<li><strong>30 000 puffar:<\/strong> Njut av l\u00e5ngvarig vaping utan st\u00e4ndiga byten \ud83d\udd0b<\/li>\n<li><strong>Nikotinflexibilitet:<\/strong> V\u00e4lj mellan 2 % eller 5 % nikotin f\u00f6r att matcha dina behov \u2705<\/li>\n<li><strong>30mL E-v\u00e4tsketank:<\/strong> Ut\u00f6kad smaktillg\u00e5ng f\u00f6r veckors anv\u00e4ndning \ud83c\udf53\ud83c\udf4d<\/li>\n<li><strong>Advanced Mesh Coil:<\/strong> 1,0\u03a9 coil f\u00f6r mjukare tr\u00e4ffar och starkare smak \ud83c\udf2c\ufe0f<\/li>\n<li><strong>Uppladdningsbart och milj\u00f6v\u00e4nligt:<\/strong> 600mAh batteri med typ C-laddning \ud83d\udd0c<\/li>\n<li><strong>Musik LED-lampor:<\/strong> Lyser upp med ljud f\u00f6r roliga festvibbar \ud83c\udf89<\/li>\n<li><strong>Grossistf\u00f6rberedd:<\/strong> Designad f\u00f6r bulkf\u00f6rs\u00e4ljning och detaljhandelsefterfr\u00e5gan \ud83d\udce6<\/li>\n<\/ul>\n<h3>Specifikationer<\/h3>\n<tbody>\n<tr>\n<td><strong>Puff Count:<\/strong><\/td>\n<td>Upp till 30 000 bloss<\/td>\n<\/tr>\n<tr>\n<td><strong>E-v\u00e4tskekapacitet:<\/strong><\/td>\n<td>30mL f\u00f6rfylld<\/td>\n<\/tr>\n<tr>\n<td><strong>Nikotinstyrka:<\/strong><\/td>\n<td>2 % eller 5 %<\/td>\n<\/tr>\n<tr>\n<td><strong>Spole:<\/strong><\/td>\n<td>Mesh spole 1.0\u03a9<\/td>\n<\/tr>\n<tr>\n<td><strong>Batteri:<\/strong><\/td>\n<td>600mAh uppladdningsbar<\/td>\n<\/tr>\n<tr>\n<td><strong>Laddning:<\/strong><\/td>\n<td>Snabbladdning av typ C<\/td>\n<\/tr>\n<tr>\n<td><strong>Specialfunktion:<\/strong><\/td>\n<td>Musikk\u00e4nsliga LED-lampor<\/td>\n<\/tr>\n<\/tbody>\n<\/table>\n<h3>Smakval<\/h3>\n<p><strong>Fumot RandM Tornado 30K<\/strong> erbjuder ett brett utbud av uppfriskande och fruktiga blandningar f\u00f6r att tillfredsst\u00e4lla alla beg\u00e4r \ud83c\udf6d\ud83c\udf47:<\/p>\n<ul>\n<li><strong>Banan Ice<\/strong> \u2013 Sl\u00e4t tropisk banan med en isig twist \ud83c\udf4c\u2744\ufe0f<\/li>\n<li><strong>Svart is<\/strong> \u2013 Cool och dj\u00e4rv f\u00f6r mentol\u00e4lskare \ud83d\udda4\u2744\ufe0f<\/li>\n<li><strong>Bl\u00e5 Razz Is<\/strong> \u2013 S\u00f6t och syrlig b\u00e4rblast \ud83d\udc99<\/li>\n<li><strong>Bl\u00e5b\u00e4r P\u00e5 Is<\/strong> \u2013 Klassiskt bl\u00e5b\u00e4r med en frostig finish \ud83e\uded0<\/li>\n<li><strong>Bl\u00e5b\u00e4rshallon<\/strong> \u2013 Dubbel b\u00e4rgl\u00e4dje \ud83e\uded0\ud83c\udf53<\/li>\n<li><strong>Bl\u00e5b\u00e4rssura hallon<\/strong> \u2013 s\u00f6tt m\u00f6ter surt i denna fruktiga blandning \ud83c\udf6c<\/li>\n<li><strong>K\u00f6rsb\u00e4r Is<\/strong> \u2013 Dj\u00e4rvt k\u00f6rsb\u00e4r med en isande cool touch \ud83c\udf52\u2744\ufe0f<\/li>\n<li><strong>K\u00f6rsb\u00e4r Cola<\/strong> \u2013 Kolsyrad l\u00e4sk med s\u00f6t k\u00f6rsb\u00e4rstvist \ud83e\udd64<\/li>\n<li><strong>Cola Is<\/strong> \u2013 Uppfriskande cola med svalkande k\u00e4nsla \ud83e\udd76<\/li>\n<li><strong>Sval mynta<\/strong> \u2013 skarp och fr\u00e4sch mintiga andas in \ud83c\udf3f<\/li>\n<li><strong>Dubbelt \u00e4pple<\/strong> \u2013 Klassisk \u00e4ppelsmak i shisha-stil \ud83c\udf4f\ud83c\udf4e<\/li>\n<li><strong>Dr Bl\u00e5<\/strong> \u2013 Unik godisinspirerad smak \ud83d\udca7<\/li>\n<li><strong>Druva Is<\/strong> \u2013 Saftig druva med isande svalka \ud83c\udf47\u2744\ufe0f<\/li>\n<li><strong>Is Pop<\/strong> \u2013 S\u00f6t fryst godis i \u00e5ngform \ud83c\udf6d<\/li>\n<li><strong>Kiwi Passionsfrukt Guava<\/strong> \u2013 Tropisk blandning av exotiska frukter \ud83e\udd5d<\/li>\n<li><strong>K\u00e4rlek 66<\/strong> \u2013 Legendarisk shisha-inspirerad fruktig blandning \u2764\ufe0f<\/li>\n<li><strong>Frodig Is<\/strong> \u2013 Vattenmelon med svalkande is \ud83c\udf49\u2744\ufe0f<\/li>\n<li><strong>Blandade b\u00e4r<\/strong> \u2013 s\u00f6tb\u00e4rsmedley \ud83e\uded0\ud83c\udf53<\/li>\n<li><strong>Persika B\u00e4r<\/strong> \u2013 Juicy persika- och b\u00e4rkombination \ud83c\udf51<\/li>\n<li><strong>Persika Is<\/strong> \u2013 F\u00e4rsk persika med frostig kyla \ud83c\udf51\u2744\ufe0f<\/li>\n<li><strong>Peachy Mango Ananas<\/strong> \u2013 Tropisk trioexplosion \ud83c\udf4d\ud83e\udd6d\ud83c\udf51<\/li>\n<li><strong>Ananasis<\/strong> \u2013 S\u00f6t ananas med isig kant \ud83c\udf4d\u2744\ufe0f<\/li>\n<li><strong>Rosa lemonad<\/strong> \u2013 Syrig, uppfriskande och s\u00f6t \ud83c\udf4b<\/li>\n<li><strong>K\u00e4glor<\/strong> \u2013 Candy rainbow smak \ud83c\udf08<\/li>\n<li><strong>Jordgubbsbanan<\/strong> \u2013 Smidig fruktig klassiker \ud83c\udf53\ud83c\udf4c<\/li>\n<li><strong>Jordgubbsdruva<\/strong> \u2013 S\u00f6t blandning av saftiga frukter \ud83c\udf53\ud83c\udf47<\/li>\n<li><strong>Jordgubbis<\/strong> \u2013 Klassisk jordgubb med mentolkyla \ud83c\udf53\u2744\ufe0f<\/li>\n<li><strong>Jordgubbsvattenmelon<\/strong> \u2013 Uppfriskande fruktig fusion \ud83c\udf53\ud83c\udf49<\/li>\n<li><strong>Trippel Mango<\/strong> \u2013 Intensiv tropisk mangosmak \ud83e\udd6d<\/li>\n<li><strong>Vimto<\/strong> \u2013 Kolsyrad b\u00e4rl\u00e4sk-inspirerad smak \ud83e\udd64\ud83c\udf53<\/li>\n<\/ul>\n<h3>Perfekt f\u00f6r tunga vapers och grossistk\u00f6pare<\/h3>\n<p><strong>Fumot RandM Tornado 30K<\/strong> \u00e4r idealisk f\u00f6r <strong>tunga anv\u00e4ndare, smakentusiaster, vapebutiker och distribut\u00f6rer<\/strong>. Dess <strong>enorma bloss, uppladdningsbara batteri och musik LED-lampor<\/strong> g\u00f6r den till ett toppval f\u00f6r b\u00e5de personlig och kommersiell anv\u00e4ndning.<\/p>\n<h3>Vanliga fr\u00e5gor<\/h3>\n<ul>\n<li><strong>Hur m\u00e5nga bloss h\u00e5ller det?<\/strong><br \/>\nUpp till 30 000 bloss per enhet.<\/li>\n<li><strong>\u00c4r den uppladdningsbar?<\/strong><br \/>\nJa, den kommer med ett 600mAh-batteri och Type-C-laddning.<\/li>\n<li><strong>Vilka nikotinstyrkor finns tillg\u00e4ngliga?<\/strong><br \/>\nV\u00e4lj mellan 2 % och 5 % nikotin.<\/li>\n<li><strong>T\u00e4nds den?<\/strong><br \/>\nJa, musikk\u00e4nsliga LED-lampor skapar en rolig upplevelse.<\/li>\n<li><strong>\u00c4r det bra f\u00f6r grossisthandel?<\/strong><br \/>\nAbsolut, den \u00e4r designad med B2B-k\u00f6pare och \u00e5terf\u00f6rs\u00e4ljare i \u00e5tanke.<\/li>\n<\/ul>\n","protected":false},"excerpt":{"rendered":"<p><strong>Fumot RandM Tornado 30000 Puffs<\/strong> \ud83c\udfb6 \u00e4r en h\u00f6gpresterande eng\u00e5ngsvape med <strong>musikreaktiva LED-lampor<\/strong>, massiv <strong>30 000 puffkapacitet<\/strong> och dj\u00e4rva smakalternativ. Perfekt f\u00f6r vapebutiker, distribut\u00f6rer och tunga anv\u00e4ndare som letar efter stil och uth\u00e5llighet i en enhet.<\/p>\n","protected":false},"featured_media":337,"comment_status":"open","ping_status":"closed","template":"","meta":[],"product_brand":[],"product_cat":[388],"product_tag":[],"class_list":{"0":"post-57455","1":"product","2":"type-product","3":"status-publish","4":"has-post-thumbnail","6":"product_cat-randm","8":"first","9":"instock","10":"shipping-taxable","11":"purchasable","12":"product-type-variable","13":"has-default-attributes"},"tiered_pricing_type":"fixed","tiered_pricing_fixed_rules":{"30":8.1500000000000003552713678800500929355621337890625,"50":7.03000000000000024868995751603506505489349365234375,"100":6.29000000000000003552713678800500929355621337890625,"200":5.9199999999999999289457264239899814128875732421875,"400":5.37000000000000010658141036401502788066864013671875},"tiered_pricing_product_settings":{"layout":"default","base_unit_name":{"singular":null,"plural":null},"default_variation":null},"tiered_pricing_minimum_quantity":10,"tiered_pricing_roles_data":[],"tiered_pricing_percentage_rules":[],"tiered_pricing_maximum_quantity":null,"tiered_pricing_quantity_step":"10","_links":{"self":[{"href":"https:\/\/stage.jrfer.com\/sv\/wp-json\/wp\/v2\/product\/57455","targetHints":{"allow":["GET"]}}],"collection":[{"href":"https:\/\/stage.jrfer.com\/sv\/wp-json\/wp\/v2\/product"}],"about":[{"href":"https:\/\/stage.jrfer.com\/sv\/wp-json\/wp\/v2\/types\/product"}],"replies":[{"embeddable":true,"href":"https:\/\/stage.jrfer.com\/sv\/wp-json\/wp\/v2\/comments?post=57455"}],"wp:featuredmedia":[{"embeddable":true,"href":"https:\/\/stage.jrfer.com\/sv\/wp-json\/wp\/v2\/media\/337"}],"wp:attachment":[{"href":"https:\/\/stage.jrfer.com\/sv\/wp-json\/wp\/v2\/media?parent=57455"}],"wp:term":[{"taxonomy":"product_brand","embeddable":true,"href":"https:\/\/stage.jrfer.com\/sv\/wp-json\/wp\/v2\/product_brand?post=57455"},{"taxonomy":"product_cat","embeddable":true,"href":"https:\/\/stage.jrfer.com\/sv\/wp-json\/wp\/v2\/product_cat?post=57455"},{"taxonomy":"product_tag","embeddable":true,"href":"https:\/\/stage.jrfer.com\/sv\/wp-json\/wp\/v2\/product_tag?post=57455"}],"curies":[{"name":"wp","href":"https:\/\/api.w.org\/{rel}","templated":true}]}}