{"id":59827,"date":"2025-06-28T04:00:41","date_gmt":"2025-06-28T04:00:41","guid":{"rendered":"https:\/\/stage.jrfer.com\/product\/uwin-crystal-10k-10000-puffar-rgb-light-disponibel-vape-grossist\/"},"modified":"2026-04-07T15:13:48","modified_gmt":"2026-04-07T15:13:48","slug":"uwin-crystal-10000-puffs","status":"publish","type":"product","link":"https:\/\/stage.jrfer.com\/sv\/produkt\/uwin-crystal-10000-puffs\/","title":{"rendered":"Uwin Crystal 10K 10000 puffar | rgb light disponibel vape grossist"},"content":{"rendered":"<h2>Varf\u00f6r v\u00e4lja Uwin Crystal 10K?<\/h2>\n<ul>\n<li><strong>10 000 puffar:<\/strong> L\u00e5ngvarig anv\u00e4ndning f\u00f6r b\u00e4ttre v\u00e4rde \ud83d\udca8<\/li>\n<li><strong>Nikotinflexibilitet:<\/strong> V\u00e4lj mellan 0 %, 2 %, 3 % eller 5 % f\u00f6r att matcha dina \u00f6nskem\u00e5l \ud83d\udd25<\/li>\n<li><strong>Stor 18 ml tank:<\/strong> F\u00f6rfylld f\u00f6r veckor av vaping utan kr\u00e5ngel \ud83c\udf53<\/li>\n<li><strong>Mesh Coil 0,8\u03a9:<\/strong> Njut av mjukare moln och f\u00f6rb\u00e4ttrad smak \ud83c\udf2c\ufe0f<\/li>\n<li><strong>RGB-ljus:<\/strong> Unika gl\u00f6dande effekter f\u00f6r en snygg upplevelse \u2728<\/li>\n<li><strong>Uppladdningsbar str\u00f6m:<\/strong> 650mAh koboltbatteri med Type-C snabbladdning \ud83d\udd0b<\/li>\n<li><strong>Grossf\u00f6rberedd:<\/strong> 200 st per kartong, bulkv\u00e4nlig f\u00f6rpackning \ud83d\udce6<\/li>\n<\/ul>\n<h3>Specifikationer<\/h3>\n<tbody>\n<tr>\n<td><strong>Puff Count:<\/strong><\/td>\n<td>Upp till 10 000<\/td>\n<\/tr>\n<tr>\n<td><strong>E-v\u00e4tskekapacitet:<\/strong><\/td>\n<td>18 ml<\/td>\n<\/tr>\n<tr>\n<td><strong>Nikotinstyrka:<\/strong><\/td>\n<td>0 %, 2 %, 3 %, 5 %<\/td>\n<\/tr>\n<tr>\n<td><strong>Batteri:<\/strong><\/td>\n<td>650mAh uppladdningsbart koboltbatteri<\/td>\n<\/tr>\n<tr>\n<td><strong>Laddning:<\/strong><\/td>\n<td>Snabbladdning av typ C<\/td>\n<\/tr>\n<tr>\n<td><strong>Spole:<\/strong><\/td>\n<td>0,8\u03a9 mesh spole<\/td>\n<\/tr>\n<tr>\n<td><strong>F\u00f6rpackning:<\/strong><\/td>\n<td>200 st per kartong (10 st per kartong)<\/td>\n<\/tr>\n<tr>\n<td><strong>Vikt:<\/strong><\/td>\n<td>17,3 kg per kartong<\/td>\n<\/tr>\n<tr>\n<td><strong>M\u00e5tt:<\/strong><\/td>\n<td>36,5 x 36,7 x 31,5 cm<\/td>\n<\/tr>\n<tr>\n<td><strong>Specialfunktion:<\/strong><\/td>\n<td>RGB-lampor<\/td>\n<\/tr>\n<\/tbody>\n<\/table>\n<h3>Smakval<\/h3>\n<p><strong>Uwin Crystal 10K<\/strong> erbjuder <strong>\u00f6ver 30 l\u00e4ckra smaker<\/strong>, blandade frukter, s\u00f6tsaker och isiga sensationer \ud83c\udf6d\ud83c\udf47:<\/p>\n<ul>\n<li><strong>Bl\u00e5b\u00e4rshallon<\/strong> \u2013 S\u00f6tsyrlig b\u00e4rmix \ud83e\uded0\ud83c\udf53<\/li>\n<li><strong>Druva Is<\/strong> \u2013 Saftig druva med sval finish \ud83c\udf47\u2744\ufe0f<\/li>\n<li><strong>Jordgubbsvattenmelon<\/strong> \u2013 Uppfriskande fruktig duo \ud83c\udf53\ud83c\udf49<\/li>\n<li><strong>Bl\u00e5b\u00e4r P\u00e5 Is<\/strong> \u2013 Frostig bl\u00e5b\u00e4rsgl\u00e4dje \ud83e\uded0\u2744\ufe0f<\/li>\n<li><strong>K\u00f6rsb\u00e4r Is<\/strong> \u2013 Dj\u00e4rvt k\u00f6rsb\u00e4r med isig bl\u00e5sning \ud83c\udf52\u2744\ufe0f<\/li>\n<li><strong>Kiwi Passionsfrukt Guava<\/strong> \u2013 Exotiskt tropiskt medley \ud83e\udd5d\ud83c\udf48<\/li>\n<li><strong>Persika Is<\/strong> \u2013 Saftig persika med en frostig touch \ud83c\udf51\u2744\ufe0f<\/li>\n<li><strong>Persika B\u00e4r<\/strong> \u2013 S\u00f6t persika m\u00f6ter b\u00e4r \ud83c\udf51\ud83c\udf53<\/li>\n<li><strong>K\u00f6rsb\u00e4r Cola<\/strong> \u2013 Kolsyrad cola med k\u00f6rsb\u00e4rstvist \ud83e\udd64<\/li>\n<li><strong>Red Bull<\/strong> \u2013 Energidryck-inspirerad kick \u26a1<\/li>\n<li><strong>Bl\u00e5 Razz Lemonad<\/strong> \u2013 S\u00f6t, syrlig och uppfriskande \ud83d\udc99\ud83c\udf4b<\/li>\n<li><strong>Jordgubbsbanan<\/strong> \u2013 mjuk fruktig kombination \ud83c\udf53\ud83c\udf4c<\/li>\n<li><strong>Cola Is<\/strong> \u2013 Klassisk l\u00e4sk med isig finish \ud83e\udd64\u2744\ufe0f<\/li>\n<li><strong>Miami Mynta<\/strong> \u2013 F\u00e4rsk, ren mynta \ud83c\udf3f<\/li>\n<li><strong>Citronlime<\/strong> \u2013 Citrusskalexplosion \ud83c\udf4b<\/li>\n<li><strong>Vaniljis<\/strong> \u2013 S\u00f6t kr\u00e4mig vanilj med en cool twist \ud83c\udf66\u2744\ufe0f<\/li>\n<li><strong>K\u00e4rlek 66<\/strong> \u2013 Ber\u00f6md fruktig blandning i shisha-stil \u2764\ufe0f<\/li>\n<li><strong>Och m\u00e5nga fler&#8230;<\/strong><\/li>\n<\/ul>\n<h3>Perfekt f\u00f6r tunga vapers och distribut\u00f6rer<\/h3>\n<p><strong>Uwin Crystal 10000 Puffs<\/strong> \u00e4r designad f\u00f6r <strong>tunga vapers, smakchasers, vapebutiker och grossistdistribut\u00f6rer<\/strong>. Med sitt enorma antal bloss, <strong>RGB-lampor<\/strong> och p\u00e5litliga prestanda \u00e4r det l\u00e4tt att s\u00e4lja f\u00f6r b\u00e5de B2B- och detaljhandelskunder.<\/p>\n<h3>Vanliga fr\u00e5gor<\/h3>\n<ul>\n<li><strong>Hur m\u00e5nga bloss per enhet?<\/strong><br \/>\nUpp till 10 000 bloss.<\/li>\n<li><strong>\u00c4r den uppladdningsbar?<\/strong><br \/>\nJa, det kommer med ett 650mAh uppladdningsbart koboltbatteri.<\/li>\n<li><strong>Vilka nikotinalternativ finns tillg\u00e4ngliga?<\/strong><br \/>\n0 %, 2 %, 3 % och 5 % nikotinstyrkor.<\/li>\n<li><strong>Har den speciella funktioner?<\/strong><br \/>\nJa, den inneh\u00e5ller <strong>RGB-lampor<\/strong> f\u00f6r en snygg gl\u00f6deffekt.<\/li>\n<li><strong>\u00c4r det bra f\u00f6r grossisthandel?<\/strong><br \/>\nJa, med 200 stycken per kartong \u00e4r den perfekt f\u00f6r \u00e5terf\u00f6rs\u00e4ljning i bulk.<\/li>\n<\/ul>\n","protected":false},"excerpt":{"rendered":"<p><strong>Uwin Crystal 10000 Puffs<\/strong> \ud83d\udc8e \u00e4r en snygg RGB-l\u00e4tt eng\u00e5ngsvape designad f\u00f6r <strong>grossistk\u00f6pare, vapebutiker och tunga anv\u00e4ndare<\/strong>. Med upp till <strong>10 000 puffar<\/strong>, rika smakval och ett laddningsbart batteri ger den h\u00e4r enheten b\u00e5de prestanda och i\u00f6gonfallande tilltal.<\/p>\n","protected":false},"featured_media":310,"comment_status":"open","ping_status":"closed","template":"","meta":[],"product_brand":[],"product_cat":[384],"product_tag":[],"class_list":{"0":"post-59827","1":"product","2":"type-product","3":"status-publish","4":"has-post-thumbnail","6":"product_cat-uwin","8":"first","9":"instock","10":"shipping-taxable","11":"purchasable","12":"product-type-variable","13":"has-default-attributes"},"tiered_pricing_type":"fixed","tiered_pricing_fixed_rules":{"30":5.12000000000000010658141036401502788066864013671875,"50":4.12999999999999989341858963598497211933135986328125,"100":3.54000000000000003552713678800500929355621337890625,"200":3.359999999999999875655021241982467472553253173828125,"400":2.95999999999999996447286321199499070644378662109375},"tiered_pricing_product_settings":{"layout":"default","base_unit_name":{"singular":null,"plural":null},"default_variation":null},"tiered_pricing_minimum_quantity":10,"tiered_pricing_roles_data":[],"tiered_pricing_percentage_rules":[],"tiered_pricing_maximum_quantity":null,"tiered_pricing_quantity_step":"10","_links":{"self":[{"href":"https:\/\/stage.jrfer.com\/sv\/wp-json\/wp\/v2\/product\/59827","targetHints":{"allow":["GET"]}}],"collection":[{"href":"https:\/\/stage.jrfer.com\/sv\/wp-json\/wp\/v2\/product"}],"about":[{"href":"https:\/\/stage.jrfer.com\/sv\/wp-json\/wp\/v2\/types\/product"}],"replies":[{"embeddable":true,"href":"https:\/\/stage.jrfer.com\/sv\/wp-json\/wp\/v2\/comments?post=59827"}],"wp:featuredmedia":[{"embeddable":true,"href":"https:\/\/stage.jrfer.com\/sv\/wp-json\/wp\/v2\/media\/310"}],"wp:attachment":[{"href":"https:\/\/stage.jrfer.com\/sv\/wp-json\/wp\/v2\/media?parent=59827"}],"wp:term":[{"taxonomy":"product_brand","embeddable":true,"href":"https:\/\/stage.jrfer.com\/sv\/wp-json\/wp\/v2\/product_brand?post=59827"},{"taxonomy":"product_cat","embeddable":true,"href":"https:\/\/stage.jrfer.com\/sv\/wp-json\/wp\/v2\/product_cat?post=59827"},{"taxonomy":"product_tag","embeddable":true,"href":"https:\/\/stage.jrfer.com\/sv\/wp-json\/wp\/v2\/product_tag?post=59827"}],"curies":[{"name":"wp","href":"https:\/\/api.w.org\/{rel}","templated":true}]}}