{"id":60955,"date":"2025-06-28T03:56:00","date_gmt":"2025-06-28T03:56:00","guid":{"rendered":"https:\/\/stage.jrfer.com\/product\/vapme-digital-30k-30000-puffar-engangsvape-med-hog-nikotinhalt\/"},"modified":"2026-04-07T15:16:21","modified_gmt":"2026-04-07T15:16:21","slug":"vapme-digital-30000-puffs","status":"publish","type":"product","link":"https:\/\/stage.jrfer.com\/sv\/produkt\/vapme-digital-30000-puffs\/","title":{"rendered":"VAPME Digital 30K 30000 Puffar | eng\u00e5ngsvape med h\u00f6g nikotinhalt"},"content":{"rendered":"<h2>Varf\u00f6r v\u00e4lja VAPME DIGITAL 30K?<\/h2>\n<ul>\n<li><strong>Enorm puffkapacitet:<\/strong> Upp till 30 000+ puffar f\u00f6r bekymmersfri, l\u00e5ngvarig anv\u00e4ndning \ud83d\udd25<\/li>\n<li><strong>H\u00f6ga nikotinstyrkor:<\/strong> V\u00e4lj mellan 0 %, 12 %, 13 % eller 15 % \u2013 perfekt f\u00f6r f\u00f6re detta r\u00f6kare \ud83d\udeac\u27a1\ufe0f\ud83d\udca8<\/li>\n<li><strong>20 ml E-v\u00e4tsketank:<\/strong> Gener\u00f6s storlek minskar p\u00e5fyllningsbehoven och maximerar njutningen \ud83c\udf53<\/li>\n<li><strong>Uppladdningsbar str\u00f6m:<\/strong> 850 mAh batteri med snabb Type-C-laddning \u26a1<\/li>\n<li><strong>Mesh Coil 0,6\u03a9:<\/strong> Ger rikare smak och mjuka \u00e5ngmoln \ud83c\udf2c\ufe0f<\/li>\n<li><strong>MTL-design:<\/strong> Mun-till-lunga-dragning simulerar den riktiga r\u00f6kupplevelsen \ud83d\udeac<\/li>\n<li><strong>Grossf\u00f6rberedd:<\/strong> Ett b\u00e4sts\u00e4ljande alternativ f\u00f6r butiker och distribut\u00f6rer \ud83d\udce6<\/li>\n<\/ul>\n<h3>Specifikationer<\/h3>\n<tbody>\n<tr>\n<td><strong>Puff Count:<\/strong><\/td>\n<td>30 000+<\/td>\n<\/tr>\n<tr>\n<td><strong>E-v\u00e4tskekapacitet:<\/strong><\/td>\n<td>20 ml<\/td>\n<\/tr>\n<tr>\n<td><strong>Nikotinstyrka:<\/strong><\/td>\n<td>0 %, 12 %, 13 %, 15 %<\/td>\n<\/tr>\n<tr>\n<td><strong>Batteri:<\/strong><\/td>\n<td>850mAh uppladdningsbar<\/td>\n<\/tr>\n<tr>\n<td><strong>Laddning:<\/strong><\/td>\n<td>Snabbladdning av typ C<\/td>\n<\/tr>\n<tr>\n<td><strong>Spole:<\/strong><\/td>\n<td>0,6\u03a9 mesh spole<\/td>\n<\/tr>\n<tr>\n<td><strong>Design:<\/strong><\/td>\n<td>MTL (mun-till-lunga)<\/td>\n<\/tr>\n<\/tbody>\n<\/table>\n<h3>Smakval<\/h3>\n<p><strong>VAPME DIGITAL 30K<\/strong> erbjuder dj\u00e4rva och uppfriskande smaker f\u00f6r att tillfredsst\u00e4lla alla beg\u00e4r \ud83c\udf47\ud83c\udf49\ud83e\udd64:<\/p>\n<ul>\n<li><strong>Bl\u00e5b\u00e4rshallon<\/strong> \u2013 s\u00f6t och syrlig b\u00e4rfusion \ud83e\uded0\ud83c\udf53<\/li>\n<li><strong>Cherry Ice<\/strong> \u2013 Dj\u00e4rvt k\u00f6rsb\u00e4r med en frostig cool twist \ud83c\udf52\u2744\ufe0f<\/li>\n<li><strong>Kiwi Passionsfrukt Guava<\/strong> \u2013 Exotisk tropisk blandning \ud83e\udd5d\ud83e\udd6d<\/li>\n<li><strong>Strawberry Ice<\/strong> \u2013 Klassisk jordgubb med isig fr\u00e4sch\u00f6r \ud83c\udf53\u2744\ufe0f<\/li>\n<li><strong>Strawberry Kiwi<\/strong> \u2013 Perfekt fruktig duo \ud83c\udf53\ud83e\udd5d<\/li>\n<li><strong>Jordgubbe Red Bull<\/strong> \u2013 S\u00f6t jordgubbe med energidrycksvibbar \u26a1<\/li>\n<li><strong>Jordgubbsdruva<\/strong> \u2013 Saftig druva blandad med mogen jordgubb \ud83c\udf47\ud83c\udf53<\/li>\n<li><strong>Watermelon Ice<\/strong> \u2013 Uppfriskande vattenmelon med en kylande finish \ud83c\udf49\u2744\ufe0f<\/li>\n<li><strong>Peach Ice<\/strong> \u2013 Sl\u00e4t persika med en sval kant \ud83c\udf51\u2744\ufe0f<\/li>\n<li><strong>Energidryck<\/strong> \u2013 Syrlig och kolsyrad boost-inspirerad smak \u26a1\ud83e\udd64<\/li>\n<li><strong>Lady Killa<\/strong> \u2013 Unik premium shisha-inspirerad smak \ud83d\udc51<\/li>\n<li><strong>K\u00e4rlek 66<\/strong> \u2013 Ikonisk vattenpipa-liknande fruktig fusion \u2764\ufe0f<\/li>\n<\/ul>\n<h3>Perfekt f\u00f6r detaljhandel och grossisthandel<\/h3>\n<p><strong>VAPME Digital 30000 Puffs<\/strong> \u00e4r idealisk f\u00f6r <strong>storr\u00f6kare, smakjagare, vapelounger och distribut\u00f6rer<\/strong>. Dess <strong>h\u00f6ga nikotinniv\u00e5er<\/strong>, <strong>massiva bloss<\/strong> och <strong>j\u00e4mna \u00e5ngavgivning<\/strong> g\u00f6r den till en av de mest efterfr\u00e5gade grossistprodukterna p\u00e5 marknaden f\u00f6r eng\u00e5ngsvape.<\/p>\n<h3>Vanliga fr\u00e5gor<\/h3>\n<ul>\n<li><strong>Hur m\u00e5nga bloss per enhet?<\/strong><br \/>\nVarje enhet ger \u00f6ver 30 000 bloss.<\/li>\n<li><strong>\u00c4r den uppladdningsbar?<\/strong><br \/>\nJa, med ett 850mAh-batteri och Type-C-port.<\/li>\n<li><strong>Vilka nikotinniv\u00e5er finns tillg\u00e4ngliga?<\/strong><br \/>\n0 %, 12 %, 13 % och 15 % f\u00f6r flexibla alternativ.<\/li>\n<li><strong>Vad g\u00f6r det speciellt?<\/strong><br \/>\nUltrah\u00f6g nikotinstyrka och smidig MTL-upplevelse \u2013 perfekt f\u00f6r f\u00f6re detta r\u00f6kare.<\/li>\n<li><strong>\u00c4r det bra f\u00f6r grossisthandel?<\/strong><br \/>\nAbsolut, den \u00e4r designad f\u00f6r bulkdistribution med stor efterfr\u00e5gan p\u00e5 detaljhandeln.<\/li>\n<\/ul>\n","protected":false},"excerpt":{"rendered":"<p><strong>VAPME DIGITAL 30000 Puffs<\/strong> \ud83d\udca8 \u00e4r en eng\u00e5ngsvape p\u00e5 n\u00e4sta niv\u00e5 tillverkad f\u00f6r <strong>tunga anv\u00e4ndare, vapebutiker och grossistdistribut\u00f6rer<\/strong>. Med ett enormt blossantal, ultrah\u00f6ga nikotinalternativ och en sl\u00e4t mesh-spiralsmak \u00e4r den byggd f\u00f6r att tillfredsst\u00e4lla b\u00e5de tillf\u00e4lliga vapers och seri\u00f6sa r\u00f6kare som g\u00f6r bytet.<\/p>\n","protected":false},"featured_media":335,"comment_status":"open","ping_status":"closed","template":"","meta":[],"product_brand":[],"product_cat":[377],"product_tag":[],"class_list":{"0":"post-60955","1":"product","2":"type-product","3":"status-publish","4":"has-post-thumbnail","6":"product_cat-vapme","8":"first","9":"instock","10":"shipping-taxable","11":"purchasable","12":"product-type-variable","13":"has-default-attributes"},"tiered_pricing_type":"fixed","tiered_pricing_fixed_rules":{"30":8.7599999999999997868371792719699442386627197265625,"50":7.03000000000000024868995751603506505489349365234375,"100":6.4199999999999999289457264239899814128875732421875,"200":6.04999999999999982236431605997495353221893310546875,"400":5.61000000000000031974423109204508364200592041015625},"tiered_pricing_product_settings":{"layout":"default","base_unit_name":{"singular":null,"plural":null},"default_variation":null},"tiered_pricing_minimum_quantity":10,"tiered_pricing_roles_data":[],"tiered_pricing_percentage_rules":[],"tiered_pricing_maximum_quantity":null,"tiered_pricing_quantity_step":"10","_links":{"self":[{"href":"https:\/\/stage.jrfer.com\/sv\/wp-json\/wp\/v2\/product\/60955","targetHints":{"allow":["GET"]}}],"collection":[{"href":"https:\/\/stage.jrfer.com\/sv\/wp-json\/wp\/v2\/product"}],"about":[{"href":"https:\/\/stage.jrfer.com\/sv\/wp-json\/wp\/v2\/types\/product"}],"replies":[{"embeddable":true,"href":"https:\/\/stage.jrfer.com\/sv\/wp-json\/wp\/v2\/comments?post=60955"}],"wp:featuredmedia":[{"embeddable":true,"href":"https:\/\/stage.jrfer.com\/sv\/wp-json\/wp\/v2\/media\/335"}],"wp:attachment":[{"href":"https:\/\/stage.jrfer.com\/sv\/wp-json\/wp\/v2\/media?parent=60955"}],"wp:term":[{"taxonomy":"product_brand","embeddable":true,"href":"https:\/\/stage.jrfer.com\/sv\/wp-json\/wp\/v2\/product_brand?post=60955"},{"taxonomy":"product_cat","embeddable":true,"href":"https:\/\/stage.jrfer.com\/sv\/wp-json\/wp\/v2\/product_cat?post=60955"},{"taxonomy":"product_tag","embeddable":true,"href":"https:\/\/stage.jrfer.com\/sv\/wp-json\/wp\/v2\/product_tag?post=60955"}],"curies":[{"name":"wp","href":"https:\/\/api.w.org\/{rel}","templated":true}]}}