{"id":61511,"date":"2025-06-27T12:12:54","date_gmt":"2025-06-27T12:12:54","guid":{"rendered":"https:\/\/stage.jrfer.com\/product\/vopk-triple-60k-3-i-1-60000-puffar-triple-flavour-engangsvape-med-led-display\/"},"modified":"2026-04-07T15:20:32","modified_gmt":"2026-04-07T15:20:32","slug":"vopk-triple-60k-60000-puffs","status":"publish","type":"product","link":"https:\/\/stage.jrfer.com\/sv\/produkt\/vopk-triple-60k-60000-puffs\/","title":{"rendered":"Vopk Triple 60K 3-i-1 60000 Puffar | triple flavour eng\u00e5ngsvape med led display"},"content":{"rendered":"<h2>Varf\u00f6r v\u00e4lja Vopk Triple 60000 Puffs?<\/h2>\n<ul>\n<li><strong>Massiv 60 000 puffkapacitet:<\/strong> Designad f\u00f6r l\u00e5ngvariga sessioner utan st\u00e4ndiga ers\u00e4ttningar \ud83d\udd25<\/li>\n<li><strong>3-i-1 Flavor Switch:<\/strong> Rotera omedelbart mellan tre l\u00e4ckra smaker i en enda enhet \ud83c\udf53\ud83c\udf4d\ud83c\udf49<\/li>\n<li><strong>Dubbla nikotinalternativ:<\/strong> V\u00e4lj mellan 2 % f\u00f6r j\u00e4mnare tr\u00e4ffar eller 5 % f\u00f6r starkare tillfredsst\u00e4llelse \ud83d\udeac\u27a1\ufe0f\ud83d\udca8<\/li>\n<li><strong>Triple Mesh Coils (0,9\u03a9):<\/strong> Producerar t\u00e4ta moln och dj\u00e4rv smak \ud83c\udf2c\ufe0f<\/li>\n<li><strong>54 ml E-liquid Tank:<\/strong> Extra stor juicekapacitet f\u00f6r non-stop vaping-njutning \ud83e\udd64<\/li>\n<li><strong>Uppladdningsbart 650mAh batteri:<\/strong> Kompakt men \u00e4nd\u00e5 kraftfullt, h\u00e5ller dig vaping hela dagen \u26a1<\/li>\n<li><strong>Snabbladdning av typ C:<\/strong> Snabbladdning med minimal stillest\u00e5ndstid \ud83d\udd0b<\/li>\n<li><strong>Smart LED-sk\u00e4rm:<\/strong> Visar batteritid och e-v\u00e4tskeniv\u00e5er i realtid \ud83d\udca1<\/li>\n<li><strong>F\u00f6rberedd f\u00f6r grossistf\u00f6rs\u00e4ljning:<\/strong> Bulkv\u00e4nlig och en hetts\u00e4ljande vara f\u00f6r distribut\u00f6rer \ud83d\udce6<\/li>\n<\/ul>\n<h3>Specifikationer<\/h3>\n<tbody>\n<tr>\n<td><strong>Puff Count:<\/strong><\/td>\n<td>Upp till 60 000<\/td>\n<\/tr>\n<tr>\n<td><strong>E-v\u00e4tskekapacitet:<\/strong><\/td>\n<td>54 ml<\/td>\n<\/tr>\n<tr>\n<td><strong>Nikotinstyrka:<\/strong><\/td>\n<td>2 % \/ 5 %<\/td>\n<\/tr>\n<tr>\n<td><strong>Batteri:<\/strong><\/td>\n<td>650mAh uppladdningsbar<\/td>\n<\/tr>\n<tr>\n<td><strong>Laddning:<\/strong><\/td>\n<td>Snabbladdning av typ C<\/td>\n<\/tr>\n<tr>\n<td><strong>Spolar:<\/strong><\/td>\n<td>Tridubbla 0,9\u03a9 mesh-spolar<\/td>\n<\/tr>\n<tr>\n<td><strong>Visa:<\/strong><\/td>\n<td>Smart LED (batteri + juiceniv\u00e5er)<\/td>\n<\/tr>\n<tr>\n<td><strong>Smakl\u00e4ge:<\/strong><\/td>\n<td>3-i-1 ombytbara smaker<\/td>\n<\/tr>\n<\/tbody>\n<\/table>\n<h3>Smakval<\/h3>\n<p>Njut av <strong>10 f\u00e4rdigblandade trippelsmakkombinationer<\/strong> utformade f\u00f6r variation och sp\u00e4nning \ud83c\udf6d\ud83c\udf49\ud83e\udd5d:<\/p>\n<ul>\n<li><strong>Vattenmelonis + Triple Melon Ice + Strawberry Ice Cream<\/strong> \u2013 F\u00e4rsk, fruktig och kr\u00e4mig.<\/li>\n<li><strong>Jordgubbsbanan + hallonvattenmelon + ananaskokos<\/strong> \u2013 mjuk och tropisk fusion.<\/li>\n<li><strong>Peach Berry + Blue Razz Ice + Watermelon Peach Mango<\/strong> \u2013 S\u00f6t, isig och saftig mix.<\/li>\n<li><strong>Sur mango-ananas + Red Bull Strawberry + Svarta vinb\u00e4ris<\/strong> \u2013 Syrlig, kolsyrad och uppfriskande.<\/li>\n<li><strong>Kiwi Passion Fruit + Strawberry Cherry + Love 66<\/strong> \u2013 Exotisk blandning med shisha-inspirerad twist.<\/li>\n<li><strong>Dubbel \u00c4ppelis + Tropisk frukt + Jordgubbsvattenmelon Bubblegum<\/strong> \u2013 Klassisk vattenpipa-stil m\u00f6ter fruktigt godis.<\/li>\n<li><strong>Druvais + jordgubbskiwi + vattenmelon Red Bull<\/strong> \u2013 Dj\u00e4rv druva med energigivande kick.<\/li>\n<li><strong>Jordgubbsvattenmelon + bl\u00e5b\u00e4rshallon + citronlime<\/strong> \u2013 s\u00f6t, syrlig och citrusig trio.<\/li>\n<li><strong>Bananananas + Red Bull Ice + Strawberry Mango<\/strong> \u2013 Kr\u00e4mig banan med tropiska energivibbar.<\/li>\n<li><strong>Gummy Bear + Strawberry Vanilj Cola + Bl\u00e5b\u00e4r Sockervadd<\/strong> \u2013 Kul, s\u00f6t, karnevalsliknande mix.<\/li>\n<\/ul>\n<h3>Perfekt f\u00f6r detaljhandel och grossisthandel<\/h3>\n<p><strong>Vopk Triple 60000 Puffs<\/strong> \u00e4r ett idealiskt val f\u00f6r <strong>smakchasers, tunga vapers, vapebutiker och grossistk\u00f6pare<\/strong>. Med sitt enorma blossantal, unika 3-i-1 smaksystem och design med h\u00f6g kapacitet \u00e4r den byggd f\u00f6r att \u00f6ka f\u00f6rs\u00e4ljningen och leverera tillfredsst\u00e4llelse.<\/p>\n<h3>Vanliga fr\u00e5gor<\/h3>\n<ul>\n<li><strong>Hur m\u00e5nga smaker per enhet?<\/strong><br \/>\nVarje enhet erbjuder 3 smaker i en enhet.<\/li>\n<li><strong>Hur byter jag smak?<\/strong><br \/>\nVrid bara p\u00e5 smakomkopplaren \u2013 inga p\u00e5fyllningar beh\u00f6vs.<\/li>\n<li><strong>Hur l\u00e4nge varar det?<\/strong><br \/>\nUpp till 60 000 bloss, beroende p\u00e5 anv\u00e4ndning.<\/li>\n<li><strong>\u00c4r den uppladdningsbar?<\/strong><br \/>\nJa, med 650mAh batteri och Type-C snabbladdning.<\/li>\n<li><strong>Vad g\u00f6r det annorlunda?<\/strong><br \/>\nDet tredubbla mesh-spolsystemet + LED-display + 3-i-1 smakomkopplare g\u00f6r att den sticker ut p\u00e5 marknaden.<\/li>\n<li><strong>\u00c4r det bra f\u00f6r grossisthandel?<\/strong><br \/>\nAbsolut, den \u00e4r klar f\u00f6r bulk och en snabbr\u00f6rlig produkt i detaljhandeln.<\/li>\n<\/ul>\n","protected":false},"excerpt":{"rendered":"<p><strong>Vopk Triple 60000 Puffs<\/strong> \ud83d\udca8 \u00e4r en premium <strong>3-i-1 eng\u00e5ngsvape<\/strong> byggd f\u00f6r tunga anv\u00e4ndare, vapebutiker och grossistdistribution. Med trefaldig smakv\u00e4xling, enormt antal bloss och en smart LED-sk\u00e4rm ger den b\u00e5de prestanda och bekv\u00e4mlighet.<\/p>\n","protected":false},"featured_media":102,"comment_status":"open","ping_status":"closed","template":"","meta":[],"product_brand":[],"product_cat":[370],"product_tag":[],"class_list":{"0":"post-61511","1":"product","2":"type-product","3":"status-publish","4":"has-post-thumbnail","6":"product_cat-vopk","8":"first","9":"instock","10":"shipping-taxable","11":"purchasable","12":"product-type-variable","13":"has-default-attributes"},"tiered_pricing_type":"fixed","tiered_pricing_fixed_rules":{"30":7.9000000000000003552713678800500929355621337890625,"50":7.03000000000000024868995751603506505489349365234375,"100":6.29000000000000003552713678800500929355621337890625,"200":5.9199999999999999289457264239899814128875732421875,"400":4.62999999999999989341858963598497211933135986328125},"tiered_pricing_product_settings":{"layout":"default","base_unit_name":{"singular":null,"plural":null},"default_variation":null},"tiered_pricing_minimum_quantity":10,"tiered_pricing_roles_data":[],"tiered_pricing_percentage_rules":[],"tiered_pricing_maximum_quantity":null,"tiered_pricing_quantity_step":"10","_links":{"self":[{"href":"https:\/\/stage.jrfer.com\/sv\/wp-json\/wp\/v2\/product\/61511","targetHints":{"allow":["GET"]}}],"collection":[{"href":"https:\/\/stage.jrfer.com\/sv\/wp-json\/wp\/v2\/product"}],"about":[{"href":"https:\/\/stage.jrfer.com\/sv\/wp-json\/wp\/v2\/types\/product"}],"replies":[{"embeddable":true,"href":"https:\/\/stage.jrfer.com\/sv\/wp-json\/wp\/v2\/comments?post=61511"}],"wp:featuredmedia":[{"embeddable":true,"href":"https:\/\/stage.jrfer.com\/sv\/wp-json\/wp\/v2\/media\/102"}],"wp:attachment":[{"href":"https:\/\/stage.jrfer.com\/sv\/wp-json\/wp\/v2\/media?parent=61511"}],"wp:term":[{"taxonomy":"product_brand","embeddable":true,"href":"https:\/\/stage.jrfer.com\/sv\/wp-json\/wp\/v2\/product_brand?post=61511"},{"taxonomy":"product_cat","embeddable":true,"href":"https:\/\/stage.jrfer.com\/sv\/wp-json\/wp\/v2\/product_cat?post=61511"},{"taxonomy":"product_tag","embeddable":true,"href":"https:\/\/stage.jrfer.com\/sv\/wp-json\/wp\/v2\/product_tag?post=61511"}],"curies":[{"name":"wp","href":"https:\/\/api.w.org\/{rel}","templated":true}]}}